{"id":1084,"date":"2021-09-28T11:36:39","date_gmt":"2021-09-28T11:36:39","guid":{"rendered":"http:\/\/eltern1x1.de\/index.php\/bezahlmoeglichkeiten\/"},"modified":"2021-09-28T11:36:39","modified_gmt":"2021-09-28T11:36:39","slug":"bezahlmoeglichkeiten","status":"publish","type":"page","link":"https:\/\/eltern1x1.de\/index.php\/bezahlmoeglichkeiten\/","title":{"rendered":"Zahlungsarten"},"content":{"rendered":"<div class=\"woocommerce woocommerce-gzd\">\n\t<ul class=\"payment_methods methods\">\n\t\t\t\t\t<li class=\"payment_method_paypal\">\n\t\t\t\t<label>PayPal<img decoding=\"async\" src=\"https:\/\/eltern1x1.de\/wp-content\/plugins\/woocommerce\/includes\/gateways\/paypal\/assets\/images\/paypal.png\" alt=\"\u201ePaypal akzeptiert\u201c-Logo\" \/><a href=\"https:\/\/www.paypal.com\/de\/webapps\/mpp\/paypal-popup\" class=\"about_paypal\">Was ist PayPal?<\/a><\/label>\n\t\t\t\t\t\t\t\t\t<div class=\"payment_box payment_method_paypal\">\n\t\t\t\t\t\t<p>Mit Paypal bezahlen. Solltest du keinen Paypal-Account besitzen, kannst du auch mit deiner Kreditkarte bezahlen.<\/p>\n\t\t\t\t\t<\/div>\n\t\t\t\t\t\t\t<\/li>\n\t\t\t\t\t<li class=\"payment_method_bacs\">\n\t\t\t\t<label>\u00dcberweisung oder Barzahlung<\/label>\n\t\t\t\t\t\t\t\t\t<div class=\"payment_box payment_method_bacs\">\n\t\t\t\t\t\t<p>Falls Sie per \u00dcberweisung bezahlen wollen nutzen Sie bitte den Verwendungszweck: \r\n* Ihr Name\r\n* Kursname\r\n* Kursbeginn (erster Kurstag)\r\n* Bestellnummer\r\n\r\n\r\nFalls Sie Bar bezahlen m\u00f6chten:\r\nBitte bringen Sie das Geld in die Praxis. Treffen Sie mich nicht pers\u00f6nlich an, dann werfen Sie das Geld in einem verschlossenen Briefumschlag in den Briefkasten der \"Praxis f\u00fcr Gesundheit und Familie\" vor dem Eingang des Pflegeheims, Schulstra\u00dfe 17, 71292 Friolzheim. Ein zuverl\u00e4ssiges Ankommen des Briefes bei Versendung durch die Post ist nicht gew\u00e4hrleistet.\r\n\r\nVermerken Sie auf dem Briefumschlag:\r\n* Ihr Name\r\n* Kursname\r\n* Kursbeginn (erster Kurstag)\r\n* Bestellnummer\r\n\r\nDer Zahlungseingang soll in den n\u00e4chsten drei Tagen stattfinden. Ein sicherer Platz im Kurs ist erst danach f\u00fcr Sie reserviert.<\/p>\n\t\t\t\t\t<\/div>\n\t\t\t\t\t\t\t<\/li>\n\t\t\t<\/ul>\n<\/div>\n","protected":false},"excerpt":{"rendered":"","protected":false},"author":1,"featured_media":0,"parent":0,"menu_order":0,"comment_status":"closed","ping_status":"closed","template":"","meta":{"footnotes":""},"class_list":["post-1084","page","type-page","status-publish","hentry"],"_links":{"self":[{"href":"https:\/\/eltern1x1.de\/index.php\/wp-json\/wp\/v2\/pages\/1084","targetHints":{"allow":["GET"]}}],"collection":[{"href":"https:\/\/eltern1x1.de\/index.php\/wp-json\/wp\/v2\/pages"}],"about":[{"href":"https:\/\/eltern1x1.de\/index.php\/wp-json\/wp\/v2\/types\/page"}],"author":[{"embeddable":true,"href":"https:\/\/eltern1x1.de\/index.php\/wp-json\/wp\/v2\/users\/1"}],"replies":[{"embeddable":true,"href":"https:\/\/eltern1x1.de\/index.php\/wp-json\/wp\/v2\/comments?post=1084"}],"version-history":[{"count":0,"href":"https:\/\/eltern1x1.de\/index.php\/wp-json\/wp\/v2\/pages\/1084\/revisions"}],"wp:attachment":[{"href":"https:\/\/eltern1x1.de\/index.php\/wp-json\/wp\/v2\/media?parent=1084"}],"curies":[{"name":"wp","href":"https:\/\/api.w.org\/{rel}","templated":true}]}}