{"id":133,"date":"2020-11-08T19:40:45","date_gmt":"2020-11-08T19:40:45","guid":{"rendered":"http:\/\/eltern1x1.de\/?page_id=133"},"modified":"2021-09-18T23:09:28","modified_gmt":"2021-09-18T23:09:28","slug":"elternkurs","status":"publish","type":"page","link":"https:\/\/eltern1x1.de\/index.php\/elternkurs\/","title":{"rendered":"Elternkurs Buchung"},"content":{"rendered":"\n<div class=\"wp-block-columns is-layout-flex wp-container-core-columns-is-layout-9d6595d7 wp-block-columns-is-layout-flex\">\n<div class=\"wp-block-column is-layout-flow wp-block-column-is-layout-flow\">\n<p class=\"has-text-color\" style=\"color:#6716b3\">Der Kurs findet sechs mal je 2 Stunden statt. <br><br>Die Mindestteilnehmerzahl f\u00fcr dieses Angebot betr\u00e4gt sechs Personen.<br><br>Sollte es coronabedingt nicht m\u00f6glich sein, den Kurs vor Ort stattfinden zu lassen, werden sich die Termine auf einen sp\u00e4teren Zeitpunkt verschieben.<br><br><br><strong>Kosten:<\/strong> 150\u20ac pro Person.<br><br>Bei Teilnahme eines Elternpaares betr\u00e4gt der Gesamtpreis 260\u20ac.<br><br><strong>Kursort:<\/strong><br>Kursraum der Praxis f\u00fcr Gesundheit und Familie<br>Schulstra\u00dfe 17<br>71292 Friolzheim<\/p>\n\n\n\n<div style=\"height:50px\" aria-hidden=\"true\" class=\"wp-block-spacer\"><\/div>\n\n\n\n<p class=\"has-text-color\" style=\"color:#6716b3\">Wenn Sie Fragen \u00fcber den Kurs hinaus haben oder pers\u00f6nliche Anliegen individuell besprechen m\u00f6chten, dann nutzen Sie die <a href=\"https:\/\/eltern1x1.de\/index.php\/elternberatung\/\" data-type=\"URL\" data-id=\"https:\/\/eltern1x1.de\/index.php\/elternberatung\/\"><span class=\"has-inline-color has-vivid-red-color\">Elternberatung<\/span><\/a><\/p>\n<\/div>\n\n\n\n<div class=\"wp-block-column is-layout-flow wp-block-column-is-layout-flow\">\n<div class=\"wp-block-group\"><div class=\"wp-block-group__inner-container is-layout-flow wp-block-group-is-layout-flow\">\n<div class=\"wp-block-contact-form-7-contact-form-selector\">\n<div class=\"wpcf7 no-js\" id=\"wpcf7-f151-o1\" lang=\"de-DE\" dir=\"ltr\" data-wpcf7-id=\"151\">\n<div class=\"screen-reader-response\"><p role=\"status\" aria-live=\"polite\" aria-atomic=\"true\"><\/p> <ul><\/ul><\/div>\n<form action=\"\/index.php\/wp-json\/wp\/v2\/pages\/133#wpcf7-f151-o1\" method=\"post\" class=\"wpcf7-form init\" aria-label=\"Kontaktformular\" novalidate=\"novalidate\" data-status=\"init\">\n<fieldset class=\"hidden-fields-container\"><input type=\"hidden\" name=\"_wpcf7\" value=\"151\" \/><input type=\"hidden\" name=\"_wpcf7_version\" value=\"6.1.1\" \/><input type=\"hidden\" name=\"_wpcf7_locale\" value=\"de_DE\" \/><input type=\"hidden\" name=\"_wpcf7_unit_tag\" value=\"wpcf7-f151-o1\" \/><input type=\"hidden\" name=\"_wpcf7_container_post\" value=\"0\" \/><input type=\"hidden\" name=\"_wpcf7_posted_data_hash\" value=\"\" \/>\n<\/fieldset>\n<p><label> Anrede <\/label><span class=\"wpcf7-form-control-wrap\" data-name=\"anrede\"><span class=\"wpcf7-form-control wpcf7-radio\"><span class=\"wpcf7-list-item first\"><input type=\"radio\" name=\"anrede\" value=\"Frau\" checked=\"checked\" \/><span class=\"wpcf7-list-item-label\">Frau<\/span><\/span><span class=\"wpcf7-list-item last\"><input type=\"radio\" name=\"anrede\" value=\"Herr\" \/><span class=\"wpcf7-list-item-label\">Herr<\/span><\/span><\/span><\/span>\n<\/p>\n<p><label> Vorname<br \/>\n<span class=\"wpcf7-form-control-wrap\" data-name=\"vorname\"><input size=\"40\" maxlength=\"400\" class=\"wpcf7-form-control wpcf7-text wpcf7-validates-as-required\" aria-required=\"true\" aria-invalid=\"false\" value=\"\" type=\"text\" name=\"vorname\" \/><\/span> <\/label><br \/>\n<label> Nachname<br \/>\n<span class=\"wpcf7-form-control-wrap\" data-name=\"nachname\"><input size=\"40\" maxlength=\"400\" class=\"wpcf7-form-control wpcf7-text wpcf7-validates-as-required\" aria-required=\"true\" aria-invalid=\"false\" value=\"\" type=\"text\" name=\"nachname\" \/><\/span> <\/label><br \/>\n<label> Telefonnummer<br \/>\n<span class=\"wpcf7-form-control-wrap\" data-name=\"telefonnummer\"><input size=\"40\" maxlength=\"400\" class=\"wpcf7-form-control wpcf7-tel wpcf7-validates-as-required wpcf7-text wpcf7-validates-as-tel\" aria-required=\"true\" aria-invalid=\"false\" placeholder=\"\" value=\"\" type=\"tel\" name=\"telefonnummer\" \/><\/span> <\/label><br \/>\n<label> E-Mail-Adresse<br \/>\n<span class=\"wpcf7-form-control-wrap\" data-name=\"email_adresse\"><input size=\"40\" maxlength=\"400\" class=\"wpcf7-form-control wpcf7-email wpcf7-validates-as-required wpcf7-text wpcf7-validates-as-email\" aria-required=\"true\" aria-invalid=\"false\" value=\"\" type=\"email\" name=\"email_adresse\" \/><\/span> <\/label><br \/>\n<label> Nachricht (optional)<br \/>\n<span class=\"wpcf7-form-control-wrap\" data-name=\"nachricht\"><textarea cols=\"40\" rows=\"10\" maxlength=\"2000\" class=\"wpcf7-form-control wpcf7-textarea\" aria-invalid=\"false\" name=\"nachricht\"><\/textarea><\/span> <\/label><br \/>\n<input class=\"wpcf7-form-control wpcf7-submit has-spinner\" type=\"submit\" value=\"Buchungsanfrage abschicken\" \/>\n<\/p>\n<p><span id=\"wpcf7-69e5a99aa9835-wrapper\" class=\"wpcf7-form-control-wrap Nomen-wrap\" ><input type=\"hidden\" name=\"Nomen-time-start\" value=\"1776658842\"><input type=\"hidden\" name=\"Nomen-time-check\" value=\"10\"><label for=\"wpcf7-69e5a99aa9835-field\" class=\"hp-message\">Bitte lasse dieses Feld leer.<\/label><input id=\"wpcf7-69e5a99aa9835-field\"  class=\"wpcf7-form-control wpcf7-text 42138742\" type=\"text\" name=\"Nomen\" value=\"\" size=\"40\" tabindex=\"-1\" autocomplete=\"off\" \/><\/span>\n<\/p><p style=\"display: none !important;\" class=\"akismet-fields-container\" data-prefix=\"_wpcf7_ak_\"><label>&#916;<textarea name=\"_wpcf7_ak_hp_textarea\" cols=\"45\" rows=\"8\" maxlength=\"100\"><\/textarea><\/label><input type=\"hidden\" id=\"ak_js_1\" name=\"_wpcf7_ak_js\" value=\"155\"\/><script>document.getElementById( \"ak_js_1\" ).setAttribute( \"value\", ( new Date() ).getTime() );<\/script><\/p><div class=\"wpcf7-response-output\" aria-hidden=\"true\"><\/div>\n<\/form>\n<\/div>\n<\/div>\n<\/div><\/div>\n<\/div>\n<\/div>\n\n\n\n<hr class=\"wp-block-separator\"\/>\n\n\n\n<p class=\"has-text-color\" style=\"color:#6716b3\">Kurzfristige Termin\u00e4nderungen k\u00f6nnen sich ergeben. Diese werden Ihnen rechtzeitig mitgeteilt.<\/p>\n\n\n\n<hr class=\"wp-block-separator\"\/>\n\n\n\n<div class=\"wp-block-columns is-layout-flex wp-container-core-columns-is-layout-9d6595d7 wp-block-columns-is-layout-flex\">\n<div class=\"wp-block-column is-layout-flow wp-block-column-is-layout-flow\">\n<p class=\"has-text-color\" style=\"color:#6716b3\"><strong>Termine (Kursbeginn 09.02.2022):<\/strong><br>(jeweils: 19.30 Uhr bis 21.30 Uhr)<br><br>&#8211; Mittwoch, 09.02.2022<br>&#8211; Mittwoch, 16.02.2022<br>&#8211; Mittwoch, 23.02.2022<br>&#8211; Mittwoch, 02.03.2022<br>&#8211; Mittwoch, 09.03.2022<br>&#8211; Mittwoch, 16.03.2022<\/p>\n<\/div>\n\n\n\n<div class=\"wp-block-column is-layout-flow wp-block-column-is-layout-flow\">\n<p class=\"has-text-color\" style=\"color:#6716b3\"><strong>Termine (Kursbeginn 10.02.2022):<\/strong><br>(jeweils: 09.30 Uhr bis 11.30 Uhr)<br><br>&#8211; Donnerstag, 10.02.2022<br>&#8211; Donnerstag, 17.02.2022<br>&#8211; Donnerstag, 24.02.2022<br>&#8211; Donnerstag, 03.03.2022<br>&#8211; Donnerstag, 10.03.2022<br>&#8211; Donnerstag, 17.03.2022<br><br>In diesem Kurs besteht die M\u00f6glichkeit Babys mitzubringen<\/p>\n<\/div>\n<\/div>\n\n\n\n<hr class=\"wp-block-separator\"\/>\n\n\n\n<div class=\"wp-block-columns is-layout-flex wp-container-core-columns-is-layout-9d6595d7 wp-block-columns-is-layout-flex\">\n<div class=\"wp-block-column is-layout-flow wp-block-column-is-layout-flow\">\n<p class=\"has-text-color\" style=\"color:#6716b3\"><strong>Termine (Kursbeginn 13.04.2022):<\/strong><br>(jeweils: 19.30 Uhr bis 21.30 Uhr)<br><br>&#8211; Mittwoch, 13.04.2022<br>&#8211; Mittwoch, 20.04.2022<br>&#8211; Mittwoch, 27.04.2022<br>&#8211; Mittwoch, 04.05.2022<br>&#8211; Mittwoch, 11.05.2022<br>&#8211; Mittwoch, 18.05.2022<\/p>\n<\/div>\n\n\n\n<div class=\"wp-block-column is-layout-flow wp-block-column-is-layout-flow\">\n<p class=\"has-text-color\" style=\"color:#6716b3\"><strong>Termine (Kursbeginn 14.04.2022):<\/strong><br>(jeweils: 09.30 Uhr bis 11.30 Uhr)<br><br>&#8211; Donnerstag, 14.04.2022<br>&#8211; Donnerstag, 21.04.2022<br>&#8211; Donnerstag, 28.04.2022<br>&#8211; Donnerstag, 05.05.2022<br>&#8211; Donnerstag, 12.05.2022<br>&#8211; Donnerstag, 19.05.2022<br><br>In diesem Kurs besteht die M\u00f6glichkeit Babys mitzubringen<\/p>\n<\/div>\n<\/div>\n","protected":false},"excerpt":{"rendered":"<p>Der Kurs findet sechs mal je 2 Stunden statt. Die Mindestteilnehmerzahl f\u00fcr dieses Angebot betr\u00e4gt sechs Personen. Sollte es coronabedingt nicht m\u00f6glich sein, den Kurs vor Ort stattfinden zu lassen, werden sich die Termine auf einen sp\u00e4teren Zeitpunkt verschieben. Kosten: 150\u20ac pro Person. Bei Teilnahme eines Elternpaares betr\u00e4gt der Gesamtpreis 260\u20ac. Kursort:Kursraum der Praxis f\u00fcr [&hellip;]<\/p>\n","protected":false},"author":1,"featured_media":0,"parent":0,"menu_order":0,"comment_status":"closed","ping_status":"closed","template":"page-fullwidth.php","meta":{"footnotes":""},"class_list":["post-133","page","type-page","status-publish","hentry"],"_links":{"self":[{"href":"https:\/\/eltern1x1.de\/index.php\/wp-json\/wp\/v2\/pages\/133","targetHints":{"allow":["GET"]}}],"collection":[{"href":"https:\/\/eltern1x1.de\/index.php\/wp-json\/wp\/v2\/pages"}],"about":[{"href":"https:\/\/eltern1x1.de\/index.php\/wp-json\/wp\/v2\/types\/page"}],"author":[{"embeddable":true,"href":"https:\/\/eltern1x1.de\/index.php\/wp-json\/wp\/v2\/users\/1"}],"replies":[{"embeddable":true,"href":"https:\/\/eltern1x1.de\/index.php\/wp-json\/wp\/v2\/comments?post=133"}],"version-history":[{"count":29,"href":"https:\/\/eltern1x1.de\/index.php\/wp-json\/wp\/v2\/pages\/133\/revisions"}],"predecessor-version":[{"id":1024,"href":"https:\/\/eltern1x1.de\/index.php\/wp-json\/wp\/v2\/pages\/133\/revisions\/1024"}],"wp:attachment":[{"href":"https:\/\/eltern1x1.de\/index.php\/wp-json\/wp\/v2\/media?parent=133"}],"curies":[{"name":"wp","href":"https:\/\/api.w.org\/{rel}","templated":true}]}}