{"id":2468,"date":"2024-01-20T17:09:29","date_gmt":"2024-01-20T16:09:29","guid":{"rendered":"https:\/\/eltern1x1.de\/?page_id=2468"},"modified":"2026-01-27T20:13:05","modified_gmt":"2026-01-27T19:13:05","slug":"hebammenbetreuung-in-der-schwangerschaft","status":"publish","type":"page","link":"https:\/\/eltern1x1.de\/index.php\/hebammenbetreuung-in-der-schwangerschaft\/","title":{"rendered":"Hebammen\u00adbetreuung vor der Geburt"},"content":{"rendered":"\n<div class=\"wp-block-columns is-layout-flex wp-container-core-columns-is-layout-9d6595d7 wp-block-columns-is-layout-flex\">\n<div class=\"wp-block-column is-layout-flow wp-block-column-is-layout-flow\">\n<p>In der besonderen Zeit der <strong>Schwangerschaft<\/strong> beantworte ich Ihre <strong>Fragen<\/strong>, widme mich Ihren <strong>Anliegen<\/strong> zu Themen rund ums Schwangersein und begleite Sie bei k\u00f6rperlichen <strong>Beschwerden<\/strong>.<br>Hierbei biete ich auch naturheilkundliche Behandlungsm\u00f6glichkeiten an.<br>Eine <strong>Schwangerenvorsorge<\/strong> ist zu bestimmten Terminen m\u00f6glich. Dazu bedarf es einer gesonderten Abstimmung.<br><br><em>Schwangerenvorsorge<\/em>, <em>Beratungen und Behandlungen von Beschwerden in der Schwangerschaft werden von Ihrer Krankenkasse bezahlt.<\/em> <br><br>Sie sind auch an einer <strong>geburtsvorbereitenden<\/strong> <strong>Akupunktur<\/strong> (ca. 4 Wochen vor dem Entbindungstermin) interessiert, dann sprechen Sie mich gerne an.<br><br><\/p>\n\n\n\n<p><strong>Hebammen\u00adbetreuung nach der Geburt<\/strong><br><br>Ich begleite Sie w\u00e4hrend Ihrer <strong>Wochenbettzeit<\/strong> (bis zur 12. Lebenswoche Ihres Babys) und dar\u00fcber hinaus mindestens bis zum 9. Lebensmonat Ihres Kindes.<br>Auch in der gesamten <strong>Stillzeit<\/strong> stehe ich Ihnen mit all meinem Wissen zur Verf\u00fcgung. Trinkt Ihr Kind \u00fcber den <strong>9. Lebensmonat<\/strong> hinaus weiter an Ihrer Brust, k\u00f6nnen Sie meine Unterst\u00fctzung auch l\u00e4nger nutzen.<\/p>\n\n\n\n<p><em>Die Betreuung in Wochenbett- und Stillzeit wird von Ihrer Krankenkasse bezahlt.<\/em><\/p>\n\n\n\n<p>Auch die Begleitung nach einer <strong>ambulanten Geburt<\/strong> ist bei vorheriger Absprache m\u00f6glich.<\/p>\n\n\n\n<p><br>Ich kann momentan<strong> <\/strong>Schwangere mit einem voraussichtlichen Entbindungstermin im <strong>Zeitraum<\/strong> <br><br>vom <strong>15.06.2026<\/strong><br>bis <strong>31.07.2026<\/strong><br><br>und <br><br>vom <strong>01.10.2026<\/strong><br>bis <strong>30.11.2026<\/strong><br><br>aufnehmen.<\/p>\n\n\n\n<hr class=\"wp-block-separator has-css-opacity\"\/>\n<\/div>\n\n\n\n<div class=\"wp-block-column is-layout-flow wp-block-column-is-layout-flow\">\n<p><strong>Anfrage f\u00fcr eine Hebammenbetreuung.<br><\/strong>Ich werde Ihnen so schnell wie m\u00f6glich auf Ihre Anfrage antworten.<br>Bitte sehen Sie auch gelegentlich in Ihrem Spam-Verdachtsorder Ihrer E-Mail Adresse nach. Es k\u00f6nnte sein, dass meine Antwort dort landet.<br>Sollte ich mich innerhalb der n\u00e4chsten 4-6 Tage nicht bei Ihnen melden, kontaktieren Sie mich bitte erneut.<\/p>\n\n\n\n<div class=\"wp-block-contact-form-7-contact-form-selector\">\n<div class=\"wpcf7 no-js\" id=\"wpcf7-f455-o1\" lang=\"de-DE\" dir=\"ltr\" data-wpcf7-id=\"455\">\n<div class=\"screen-reader-response\"><p role=\"status\" aria-live=\"polite\" aria-atomic=\"true\"><\/p> <ul><\/ul><\/div>\n<form action=\"\/index.php\/wp-json\/wp\/v2\/pages\/2468#wpcf7-f455-o1\" method=\"post\" class=\"wpcf7-form init\" aria-label=\"Kontaktformular\" novalidate=\"novalidate\" data-status=\"init\">\n<fieldset class=\"hidden-fields-container\"><input type=\"hidden\" name=\"_wpcf7\" value=\"455\" \/><input type=\"hidden\" name=\"_wpcf7_version\" value=\"6.1.1\" \/><input type=\"hidden\" name=\"_wpcf7_locale\" value=\"de_DE\" \/><input type=\"hidden\" name=\"_wpcf7_unit_tag\" value=\"wpcf7-f455-o1\" \/><input type=\"hidden\" name=\"_wpcf7_container_post\" value=\"0\" \/><input type=\"hidden\" name=\"_wpcf7_posted_data_hash\" value=\"\" \/>\n<\/fieldset>\n<p><span id=\"wpcf7-69e59822396a5-wrapper\" class=\"wpcf7-form-control-wrap Haustier-wrap\" style=\"display:none !important; visibility:hidden !important;\"><input type=\"hidden\" name=\"Haustier-time-start\" value=\"1776654370\"><input type=\"hidden\" name=\"Haustier-time-check\" value=\"8\"><label for=\"wpcf7-69e59822396a5-field\" class=\"hp-message\">Bitte lasse dieses Feld leer.<\/label><input id=\"wpcf7-69e59822396a5-field\"  class=\"wpcf7-form-control wpcf7-text\" type=\"text\" name=\"Haustier\" value=\"\" size=\"40\" tabindex=\"-1\" autocomplete=\"off\" \/><\/span><br \/>\n<label> Vorname<br \/>\n<span class=\"wpcf7-form-control-wrap\" data-name=\"vorname\"><input size=\"40\" maxlength=\"400\" class=\"wpcf7-form-control wpcf7-text wpcf7-validates-as-required\" aria-required=\"true\" aria-invalid=\"false\" value=\"\" type=\"text\" name=\"vorname\" \/><\/span> <\/label><br \/>\n<label> Nachname<br \/>\n<span class=\"wpcf7-form-control-wrap\" data-name=\"nachname\"><input size=\"40\" maxlength=\"400\" class=\"wpcf7-form-control wpcf7-text wpcf7-validates-as-required\" aria-required=\"true\" aria-invalid=\"false\" value=\"\" type=\"text\" name=\"nachname\" \/><\/span> <\/label><br \/>\n<label> Wohnort<br \/>\n<span class=\"wpcf7-form-control-wrap\" data-name=\"wohnort\"><input size=\"40\" maxlength=\"400\" class=\"wpcf7-form-control wpcf7-text wpcf7-validates-as-required\" aria-required=\"true\" aria-invalid=\"false\" value=\"\" type=\"text\" name=\"wohnort\" \/><\/span> <\/label><br \/>\n<label> Telefonnummer<br \/>\n<span class=\"wpcf7-form-control-wrap\" data-name=\"telefonnummer\"><input size=\"40\" maxlength=\"400\" class=\"wpcf7-form-control wpcf7-tel wpcf7-validates-as-required wpcf7-text wpcf7-validates-as-tel\" aria-required=\"true\" aria-invalid=\"false\" placeholder=\"\" value=\"\" type=\"tel\" name=\"telefonnummer\" \/><\/span> <\/label><br \/>\n<label> E-Mail-Adresse<br \/>\n<span class=\"wpcf7-form-control-wrap\" data-name=\"email_adresse\"><input size=\"40\" maxlength=\"400\" class=\"wpcf7-form-control wpcf7-email wpcf7-validates-as-required wpcf7-text wpcf7-validates-as-email\" aria-required=\"true\" aria-invalid=\"false\" value=\"\" type=\"email\" name=\"email_adresse\" \/><\/span> <\/label><br \/>\n<label> Voraussichtlicher Entbindungstermin<br \/>\n<span class=\"wpcf7-form-control-wrap\" data-name=\"ET\"><input class=\"wpcf7-form-control wpcf7-date wpcf7-validates-as-required wpcf7-validates-as-date\" aria-required=\"true\" aria-invalid=\"false\" placeholder=\"x\" value=\"\" type=\"date\" name=\"ET\" \/><\/span> <\/label><br \/>\n<label> Nachricht (optional)<br \/>\n<span class=\"wpcf7-form-control-wrap\" data-name=\"nachricht\"><textarea cols=\"40\" rows=\"10\" maxlength=\"2000\" class=\"wpcf7-form-control wpcf7-textarea\" aria-invalid=\"false\" name=\"nachricht\"><\/textarea><\/span> <\/label><br \/>\n<input class=\"wpcf7-form-control wpcf7-submit has-spinner\" type=\"submit\" value=\"Betreuungsanfrage abschicken\" \/>\n<\/p><p style=\"display: none !important;\" class=\"akismet-fields-container\" data-prefix=\"_wpcf7_ak_\"><label>&#916;<textarea name=\"_wpcf7_ak_hp_textarea\" cols=\"45\" rows=\"8\" maxlength=\"100\"><\/textarea><\/label><input type=\"hidden\" id=\"ak_js_1\" name=\"_wpcf7_ak_js\" value=\"105\"\/><script>document.getElementById( \"ak_js_1\" ).setAttribute( \"value\", ( new Date() ).getTime() );<\/script><\/p><div class=\"wpcf7-response-output\" aria-hidden=\"true\"><\/div>\n<\/form>\n<\/div>\n<\/div>\n<\/div>\n<\/div>\n\n\n\n<p><\/p>\n","protected":false},"excerpt":{"rendered":"<p>In der besonderen Zeit der Schwangerschaft beantworte ich Ihre Fragen, widme mich Ihren Anliegen zu Themen rund ums Schwangersein und begleite Sie bei k\u00f6rperlichen Beschwerden.Hierbei biete ich auch naturheilkundliche Behandlungsm\u00f6glichkeiten an.Eine Schwangerenvorsorge ist zu bestimmten Terminen m\u00f6glich. Dazu bedarf es einer gesonderten Abstimmung. Schwangerenvorsorge, Beratungen und Behandlungen von Beschwerden in der Schwangerschaft werden von Ihrer [&hellip;]<\/p>\n","protected":false},"author":1,"featured_media":0,"parent":0,"menu_order":0,"comment_status":"closed","ping_status":"closed","template":"page-fullwidth.php","meta":{"footnotes":""},"class_list":["post-2468","page","type-page","status-publish","hentry"],"_links":{"self":[{"href":"https:\/\/eltern1x1.de\/index.php\/wp-json\/wp\/v2\/pages\/2468","targetHints":{"allow":["GET"]}}],"collection":[{"href":"https:\/\/eltern1x1.de\/index.php\/wp-json\/wp\/v2\/pages"}],"about":[{"href":"https:\/\/eltern1x1.de\/index.php\/wp-json\/wp\/v2\/types\/page"}],"author":[{"embeddable":true,"href":"https:\/\/eltern1x1.de\/index.php\/wp-json\/wp\/v2\/users\/1"}],"replies":[{"embeddable":true,"href":"https:\/\/eltern1x1.de\/index.php\/wp-json\/wp\/v2\/comments?post=2468"}],"version-history":[{"count":17,"href":"https:\/\/eltern1x1.de\/index.php\/wp-json\/wp\/v2\/pages\/2468\/revisions"}],"predecessor-version":[{"id":3414,"href":"https:\/\/eltern1x1.de\/index.php\/wp-json\/wp\/v2\/pages\/2468\/revisions\/3414"}],"wp:attachment":[{"href":"https:\/\/eltern1x1.de\/index.php\/wp-json\/wp\/v2\/media?parent=2468"}],"curies":[{"name":"wp","href":"https:\/\/api.w.org\/{rel}","templated":true}]}}