{"id":2503,"date":"2024-02-04T20:52:47","date_gmt":"2024-02-04T19:52:47","guid":{"rendered":"https:\/\/eltern1x1.de\/?page_id=2503"},"modified":"2025-04-01T17:09:32","modified_gmt":"2025-04-01T15:09:32","slug":"babykurs-massage-und-mehr","status":"publish","type":"page","link":"https:\/\/eltern1x1.de\/index.php\/babykurs-massage-und-mehr\/","title":{"rendered":"Babykurs &#8211; Massage und mehr"},"content":{"rendered":"\n<div class=\"wp-block-columns is-layout-flex wp-container-core-columns-is-layout-9d6595d7 wp-block-columns-is-layout-flex\">\n<div class=\"wp-block-column .h2-rot-schwarz { color: red; background-color: black; } is-layout-flow wp-block-column-is-layout-flow\">\n<p class=\"has-text-align-center has-text-color has-background has-medium-font-size\" style=\"color:#d29500;background-color:#ece0b0\"><strong><strong><strong>Babykurs &#8211; Massage und mehr<\/strong><\/strong><\/strong><\/p>\n\n\n\n<div class=\"wp-block-columns is-layout-flex wp-container-core-columns-is-layout-9d6595d7 wp-block-columns-is-layout-flex\">\n<div class=\"wp-block-column is-layout-flow wp-block-column-is-layout-flow\">\n<p class=\"has-text-color\" style=\"color:#d29500\">In den ersten Lebenswochen eines Babys m\u00f6chte dieser kleine Mensch seine Eltern, sein Umfeld und vor allem sich selbst entdecken und kennenlernen. <br>Welche H\u00fcrden dabei zu \u00fcberwinden sind und was Ihr Kind hierbei sanft unterst\u00fctzen kann, werden wir in diesem Kurs zum Thema machen.<br>In einer entspannten Runde erlernen Sie, wie Sie Ihr Baby mit einfachen Massagetechniken und Yoga\u00fcbungen beruhigen und f\u00f6rdern k\u00f6nnen.<br>Zudem erhalten Sie Informationen zur Entwicklung, Gesundheit und den Bed\u00fcrfnissen Ihres Kindes im ersten halben Jahr.<\/p>\n<\/div>\n\n\n\n<div class=\"wp-block-column is-vertically-aligned-center is-layout-flow wp-block-column-is-layout-flow\"><div class=\"wp-block-image\">\n<figure class=\"aligncenter size-full\"><img loading=\"lazy\" decoding=\"async\" width=\"363\" height=\"237\" src=\"https:\/\/eltern1x1.de\/wp-content\/uploads\/KursLogo_Babykurs_Massage_und_Mehr_schwarz.jpg\" alt=\"\" class=\"wp-image-2504\" srcset=\"https:\/\/eltern1x1.de\/wp-content\/uploads\/KursLogo_Babykurs_Massage_und_Mehr_schwarz.jpg 363w, https:\/\/eltern1x1.de\/wp-content\/uploads\/KursLogo_Babykurs_Massage_und_Mehr_schwarz-300x196.jpg 300w\" sizes=\"auto, (max-width: 363px) 100vw, 363px\" \/><\/figure><\/div><\/div>\n<\/div>\n\n\n\n<div class=\"wp-block-buttons is-layout-flex wp-block-buttons-is-layout-flex\">\n<div class=\"wp-block-button\"><a class=\"wp-block-button__link has-text-color has-background wp-element-button\" href=\"https:\/\/eltern1x1.de\/index.php\/produkt-kategorie\/babykurs-massage_und_mehr\/\" style=\"color:#d29500;background-color:#ece0b0\">Details und Termine<\/a><\/div>\n<\/div>\n<\/div>\n<\/div>\n\n\n\n<p><\/p>\n","protected":false},"excerpt":{"rendered":"<p>Babykurs &#8211; Massage und mehr In den ersten Lebenswochen eines Babys m\u00f6chte dieser kleine Mensch seine Eltern, sein Umfeld und vor allem sich selbst entdecken und kennenlernen. Welche H\u00fcrden dabei zu \u00fcberwinden sind und was Ihr Kind hierbei sanft unterst\u00fctzen kann, werden wir in diesem Kurs zum Thema machen.In einer entspannten Runde erlernen Sie, wie [&hellip;]<\/p>\n","protected":false},"author":1,"featured_media":0,"parent":0,"menu_order":1,"comment_status":"closed","ping_status":"closed","template":"page-fullwidth.php","meta":{"footnotes":""},"class_list":["post-2503","page","type-page","status-publish","hentry"],"_links":{"self":[{"href":"https:\/\/eltern1x1.de\/index.php\/wp-json\/wp\/v2\/pages\/2503","targetHints":{"allow":["GET"]}}],"collection":[{"href":"https:\/\/eltern1x1.de\/index.php\/wp-json\/wp\/v2\/pages"}],"about":[{"href":"https:\/\/eltern1x1.de\/index.php\/wp-json\/wp\/v2\/types\/page"}],"author":[{"embeddable":true,"href":"https:\/\/eltern1x1.de\/index.php\/wp-json\/wp\/v2\/users\/1"}],"replies":[{"embeddable":true,"href":"https:\/\/eltern1x1.de\/index.php\/wp-json\/wp\/v2\/comments?post=2503"}],"version-history":[{"count":4,"href":"https:\/\/eltern1x1.de\/index.php\/wp-json\/wp\/v2\/pages\/2503\/revisions"}],"predecessor-version":[{"id":2979,"href":"https:\/\/eltern1x1.de\/index.php\/wp-json\/wp\/v2\/pages\/2503\/revisions\/2979"}],"wp:attachment":[{"href":"https:\/\/eltern1x1.de\/index.php\/wp-json\/wp\/v2\/media?parent=2503"}],"curies":[{"name":"wp","href":"https:\/\/api.w.org\/{rel}","templated":true}]}}