{"id":2517,"date":"2024-02-14T21:03:19","date_gmt":"2024-02-14T20:03:19","guid":{"rendered":"https:\/\/eltern1x1.de\/?page_id=2517"},"modified":"2025-10-17T22:51:52","modified_gmt":"2025-10-17T20:51:52","slug":"kontakt","status":"publish","type":"page","link":"https:\/\/eltern1x1.de\/index.php\/kontakt\/","title":{"rendered":"Kontakt"},"content":{"rendered":"\n<p class=\"has-text-align-left has-medium-font-size\">Sie k\u00f6nnen mich schriftlich per <a href=\"sms:01632565255\" data-type=\"URL\" data-id=\"sms:01632565255\">SMS<\/a> oder <a href=\"https:\/\/wa.me\/491632565255\" data-type=\"URL\" data-id=\"https:\/\/wa.me\/491632565255\">WhatsApp<\/a> erreichen (0163  2565255). <br>Anrufe k\u00f6nnen leider nicht entgegen genommen werden.<br><br>Kontakt gerne auch \u00fcber dieses Formular.<\/p>\n\n\n\n<div class=\"wp-block-contact-form-7-contact-form-selector\">\n<div class=\"wpcf7 no-js\" id=\"wpcf7-f2516-o1\" lang=\"de-DE\" dir=\"ltr\" data-wpcf7-id=\"2516\">\n<div class=\"screen-reader-response\"><p role=\"status\" aria-live=\"polite\" aria-atomic=\"true\"><\/p> <ul><\/ul><\/div>\n<form action=\"\/index.php\/wp-json\/wp\/v2\/pages\/2517#wpcf7-f2516-o1\" method=\"post\" class=\"wpcf7-form init\" aria-label=\"Kontaktformular\" novalidate=\"novalidate\" data-status=\"init\">\n<fieldset class=\"hidden-fields-container\"><input type=\"hidden\" name=\"_wpcf7\" value=\"2516\" \/><input type=\"hidden\" name=\"_wpcf7_version\" value=\"6.1.1\" \/><input type=\"hidden\" name=\"_wpcf7_locale\" value=\"de_DE\" \/><input type=\"hidden\" name=\"_wpcf7_unit_tag\" value=\"wpcf7-f2516-o1\" \/><input type=\"hidden\" name=\"_wpcf7_container_post\" value=\"0\" \/><input type=\"hidden\" name=\"_wpcf7_posted_data_hash\" value=\"\" \/>\n<\/fieldset>\n<p><label> Anrede <\/label><span class=\"wpcf7-form-control-wrap\" data-name=\"anrede\"><span class=\"wpcf7-form-control wpcf7-radio\"><span class=\"wpcf7-list-item first\"><input type=\"radio\" name=\"anrede\" value=\"Frau\" checked=\"checked\" \/><span class=\"wpcf7-list-item-label\">Frau<\/span><\/span><span class=\"wpcf7-list-item last\"><input type=\"radio\" name=\"anrede\" value=\"Herr\" \/><span class=\"wpcf7-list-item-label\">Herr<\/span><\/span><\/span><\/span>\n<\/p>\n<p><span id=\"wpcf7-69e5a9ae5ce62-wrapper\" class=\"wpcf7-form-control-wrap Haustier-wrap\" style=\"display:none !important; visibility:hidden !important;\"><input type=\"hidden\" name=\"Haustier-time-start\" value=\"1776658862\"><input type=\"hidden\" name=\"Haustier-time-check\" value=\"8\"><label for=\"wpcf7-69e5a9ae5ce62-field\" class=\"hp-message\">Bitte lasse dieses Feld leer.<\/label><input id=\"wpcf7-69e5a9ae5ce62-field\"  class=\"wpcf7-form-control wpcf7-text\" type=\"text\" name=\"Haustier\" value=\"\" size=\"40\" tabindex=\"-1\" autocomplete=\"off\" \/><\/span>\n<\/p>\n<p><label> Vorname<br \/>\n<span class=\"wpcf7-form-control-wrap\" data-name=\"vorname\"><input size=\"40\" maxlength=\"400\" class=\"wpcf7-form-control wpcf7-text wpcf7-validates-as-required\" aria-required=\"true\" aria-invalid=\"false\" value=\"\" type=\"text\" name=\"vorname\" \/><\/span> <\/label><br \/>\n<label> Nachname<br \/>\n<span class=\"wpcf7-form-control-wrap\" data-name=\"nachname\"><input size=\"40\" maxlength=\"400\" class=\"wpcf7-form-control wpcf7-text wpcf7-validates-as-required\" aria-required=\"true\" aria-invalid=\"false\" value=\"\" type=\"text\" name=\"nachname\" \/><\/span> <\/label><br \/>\n<label> Wohnort<br \/>\n<span class=\"wpcf7-form-control-wrap\" data-name=\"wohnort\"><input size=\"40\" maxlength=\"400\" class=\"wpcf7-form-control wpcf7-text wpcf7-validates-as-required\" aria-required=\"true\" aria-invalid=\"false\" value=\"\" type=\"text\" name=\"wohnort\" \/><\/span> <\/label><br \/>\n<label> Telefonnummer<br \/>\n<span class=\"wpcf7-form-control-wrap\" data-name=\"telefonnummer\"><input size=\"40\" maxlength=\"400\" class=\"wpcf7-form-control wpcf7-tel wpcf7-validates-as-required wpcf7-text wpcf7-validates-as-tel\" aria-required=\"true\" aria-invalid=\"false\" placeholder=\"\" value=\"\" type=\"tel\" name=\"telefonnummer\" \/><\/span> <\/label><br \/>\n<label> E-Mail-Adresse<br \/>\n<span class=\"wpcf7-form-control-wrap\" data-name=\"email_adresse\"><input size=\"40\" maxlength=\"400\" class=\"wpcf7-form-control wpcf7-email wpcf7-validates-as-required wpcf7-text wpcf7-validates-as-email\" aria-required=\"true\" aria-invalid=\"false\" value=\"\" type=\"email\" name=\"email_adresse\" \/><\/span> <\/label>\n<\/p>\n<p><span id=\"wpcf7-69e5a9ae5d09e-wrapper\" class=\"wpcf7-form-control-wrap Geburtsort-wrap\" style=\"display:none !important; visibility:hidden !important;\"><input type=\"hidden\" name=\"Geburtsort-time-start\" value=\"1776658862\"><input type=\"hidden\" name=\"Geburtsort-time-check\" value=\"8\"><label for=\"wpcf7-69e5a9ae5d09e-field\" class=\"hp-message\">Bitte lasse dieses Feld leer.<\/label><input id=\"wpcf7-69e5a9ae5d09e-field\"  class=\"wpcf7-form-control wpcf7-text\" type=\"text\" name=\"Geburtsort\" value=\"\" size=\"40\" tabindex=\"-1\" autocomplete=\"off\" \/><\/span>\n<\/p>\n<p><label> Nachricht<br \/>\n<span class=\"wpcf7-form-control-wrap\" data-name=\"nachricht\"><textarea cols=\"40\" rows=\"10\" maxlength=\"2000\" class=\"wpcf7-form-control wpcf7-textarea\" aria-invalid=\"false\" name=\"nachricht\"><\/textarea><\/span> <\/label><br \/>\n<input class=\"wpcf7-form-control wpcf7-submit has-spinner\" type=\"submit\" value=\"Nachricht abschicken\" \/>\n<\/p>\n<p><span id=\"wpcf7-69e5a9ae5d196-wrapper\" class=\"wpcf7-form-control-wrap Nomen-wrap\" ><input type=\"hidden\" name=\"Nomen-time-start\" value=\"1776658862\"><input type=\"hidden\" name=\"Nomen-time-check\" value=\"10\"><label for=\"wpcf7-69e5a9ae5d196-field\" class=\"hp-message\">Bitte lasse dieses Feld leer.<\/label><input id=\"wpcf7-69e5a9ae5d196-field\"  class=\"wpcf7-form-control wpcf7-text 42138742\" type=\"text\" name=\"Nomen\" value=\"\" size=\"40\" tabindex=\"-1\" autocomplete=\"off\" \/><\/span>\n<\/p><p style=\"display: none !important;\" class=\"akismet-fields-container\" data-prefix=\"_wpcf7_ak_\"><label>&#916;<textarea name=\"_wpcf7_ak_hp_textarea\" cols=\"45\" rows=\"8\" maxlength=\"100\"><\/textarea><\/label><input type=\"hidden\" id=\"ak_js_1\" name=\"_wpcf7_ak_js\" value=\"189\"\/><script>document.getElementById( \"ak_js_1\" ).setAttribute( \"value\", ( new Date() ).getTime() );<\/script><\/p><div class=\"wpcf7-response-output\" aria-hidden=\"true\"><\/div>\n<\/form>\n<\/div>\n<\/div>\n\n\n\n<p><br>Meike Schulze<br>Hebammenpraxis<br>Schulstrasse 17<br>71292 Friolzheim<\/p>\n\n\n\n<p><a href=\"https:\/\/maps.app.goo.gl\/aeq3Ae5nnD2pTwrC7\" data-type=\"link\" data-id=\"https:\/\/maps.app.goo.gl\/aeq3Ae5nnD2pTwrC7\" target=\"_blank\" rel=\"noreferrer noopener\">Google Maps<\/a><\/p>\n","protected":false},"excerpt":{"rendered":"<p>Sie k\u00f6nnen mich schriftlich per SMS oder WhatsApp erreichen (0163 2565255). Anrufe k\u00f6nnen leider nicht entgegen genommen werden. Kontakt gerne auch \u00fcber dieses Formular. Meike SchulzeHebammenpraxisSchulstrasse 1771292 Friolzheim Google Maps<\/p>\n","protected":false},"author":1,"featured_media":0,"parent":0,"menu_order":0,"comment_status":"closed","ping_status":"closed","template":"page-fullwidth.php","meta":{"footnotes":""},"class_list":["post-2517","page","type-page","status-publish","hentry"],"_links":{"self":[{"href":"https:\/\/eltern1x1.de\/index.php\/wp-json\/wp\/v2\/pages\/2517","targetHints":{"allow":["GET"]}}],"collection":[{"href":"https:\/\/eltern1x1.de\/index.php\/wp-json\/wp\/v2\/pages"}],"about":[{"href":"https:\/\/eltern1x1.de\/index.php\/wp-json\/wp\/v2\/types\/page"}],"author":[{"embeddable":true,"href":"https:\/\/eltern1x1.de\/index.php\/wp-json\/wp\/v2\/users\/1"}],"replies":[{"embeddable":true,"href":"https:\/\/eltern1x1.de\/index.php\/wp-json\/wp\/v2\/comments?post=2517"}],"version-history":[{"count":17,"href":"https:\/\/eltern1x1.de\/index.php\/wp-json\/wp\/v2\/pages\/2517\/revisions"}],"predecessor-version":[{"id":3191,"href":"https:\/\/eltern1x1.de\/index.php\/wp-json\/wp\/v2\/pages\/2517\/revisions\/3191"}],"wp:attachment":[{"href":"https:\/\/eltern1x1.de\/index.php\/wp-json\/wp\/v2\/media?parent=2517"}],"curies":[{"name":"wp","href":"https:\/\/api.w.org\/{rel}","templated":true}]}}