{"id":2664,"date":"2024-05-21T14:42:21","date_gmt":"2024-05-21T12:42:21","guid":{"rendered":"https:\/\/eltern1x1.de\/?page_id=2664"},"modified":"2024-06-01T10:17:04","modified_gmt":"2024-06-01T08:17:04","slug":"schwangerschaftsmassage","status":"publish","type":"page","link":"https:\/\/eltern1x1.de\/index.php\/schwangerschaftsmassage\/","title":{"rendered":"Schwangerschaftsmassage"},"content":{"rendered":"\n<div class=\"wp-block-columns is-layout-flex wp-container-core-columns-is-layout-9d6595d7 wp-block-columns-is-layout-flex\">\n<div class=\"wp-block-column .h2-rot-schwarz { color: red; background-color: black; } is-layout-flow wp-block-column-is-layout-flow\">\n<p class=\"has-text-align-center has-text-color has-background has-medium-font-size\" style=\"color:#d860dc;background-color:#d760db4d\">Schwangerschaftsmassage<\/p>\n\n\n\n<div class=\"wp-block-columns is-layout-flex wp-container-core-columns-is-layout-9d6595d7 wp-block-columns-is-layout-flex\">\n<div class=\"wp-block-column is-layout-flow wp-block-column-is-layout-flow\">\n<p class=\"has-text-color\" style=\"color:#d860dc\">Massage in der Schwangerschaft ist ein Segen f\u00fcr werdende M\u00fctter. Sie entspannt nicht nur die Muskeln, sondern beruhigt auch die Seele.<br><br>Schwangere die sich massieren lassen, genie\u00dfen folgende Vorteile:<br><br><strong>k\u00f6rperliche Ebene:<\/strong><\/p>\n\n\n\n<ul style=\"color:#d860dc\" class=\"has-text-color wp-block-list\">\n<li>Durchblutungsf\u00f6rderung <em>(verbesserte Sauerstoff- und N\u00e4hrstoffversorgung)<\/em><\/li>\n\n\n\n<li>Anregung der Lymphe <em>(reduziert Schwellungen)<\/em><\/li>\n\n\n\n<li>Muskelentspannung <em>(lindert Beschwerden, wie R\u00fcckenschmerzen, Ischiasbeschwerden, Kr\u00e4mpfe und anderes)<\/em><\/li>\n<\/ul>\n\n\n\n<p class=\"has-text-color has-link-color wp-elements-f1c74b2b90af9070c1c86328e4a2f48d\" style=\"color:#d860dc\"><strong>emotionale Ebene:<\/strong><\/p>\n\n\n\n<ul style=\"color:#d860dc\" class=\"has-text-color wp-block-list\">\n<li>sicherer Raum <em>(in dem die Schwangere sich entspannen und mit ihrem Baby verbinden kann)<\/em><\/li>\n\n\n\n<li>Stressabbau <em>(durch Anregung der Entspannungshormone positive Auswirkung auf kindliche Hirnentwicklung)<\/em><\/li>\n<\/ul>\n<\/div>\n\n\n\n<div class=\"wp-block-column is-vertically-aligned-center is-layout-flow wp-block-column-is-layout-flow\"><div class=\"wp-block-image\">\n<figure class=\"aligncenter size-full\"><img loading=\"lazy\" decoding=\"async\" width=\"620\" height=\"620\" src=\"https:\/\/eltern1x1.de\/wp-content\/uploads\/Kurslogo_Schwangerschaftsmassage_schwarz.jpg\" alt=\"\" class=\"wp-image-2668\" srcset=\"https:\/\/eltern1x1.de\/wp-content\/uploads\/Kurslogo_Schwangerschaftsmassage_schwarz.jpg 620w, https:\/\/eltern1x1.de\/wp-content\/uploads\/Kurslogo_Schwangerschaftsmassage_schwarz-300x300.jpg 300w, https:\/\/eltern1x1.de\/wp-content\/uploads\/Kurslogo_Schwangerschaftsmassage_schwarz-150x150.jpg 150w, https:\/\/eltern1x1.de\/wp-content\/uploads\/Kurslogo_Schwangerschaftsmassage_schwarz-60x60.jpg 60w, https:\/\/eltern1x1.de\/wp-content\/uploads\/Kurslogo_Schwangerschaftsmassage_schwarz-600x600.jpg 600w, https:\/\/eltern1x1.de\/wp-content\/uploads\/Kurslogo_Schwangerschaftsmassage_schwarz-100x100.jpg 100w\" sizes=\"auto, (max-width: 620px) 100vw, 620px\" \/><\/figure><\/div><\/div>\n<\/div>\n\n\n\n<p class=\"has-text-color has-link-color wp-elements-831cc441b09314b32ab7bcb98edd1db4\" style=\"color:#d860dc\">Mit der Massage in der Schwangerschaft ist es m\u00f6glich Momente der Tiefenentspannung zu erreichen. Sie ist nicht nur eine Wohltat f\u00fcr den K\u00f6rper, sondern auch ein Akt der Selbstf\u00fchrsorge.<br><br>Gerne unterst\u00fctze ich Sie dabei, Momente der Ruhe und Gelassenheit zu erleben.<br>Lassen Sie sich von mir massieren und begleiten.<\/p>\n\n\n\n<div class=\"wp-block-buttons is-layout-flex wp-block-buttons-is-layout-flex\">\n<div class=\"wp-block-button\"><a class=\"wp-block-button__link has-text-color has-background wp-element-button\" href=\"https:\/\/eltern1x1.de\/index.php\/produkt-kategorie\/schwangerschaftsmassage\/\" style=\"color:#d860dc;background-color:#d760db4d\">Details und Termine<\/a><\/div>\n<\/div>\n<\/div>\n<\/div>\n\n\n\n<p><\/p>\n","protected":false},"excerpt":{"rendered":"<p>Schwangerschaftsmassage Massage in der Schwangerschaft ist ein Segen f\u00fcr werdende M\u00fctter. Sie entspannt nicht nur die Muskeln, sondern beruhigt auch die Seele. Schwangere die sich massieren lassen, genie\u00dfen folgende Vorteile: k\u00f6rperliche Ebene: emotionale Ebene: Mit der Massage in der Schwangerschaft ist es m\u00f6glich Momente der Tiefenentspannung zu erreichen. Sie ist nicht nur eine Wohltat f\u00fcr [&hellip;]<\/p>\n","protected":false},"author":1,"featured_media":0,"parent":0,"menu_order":1,"comment_status":"closed","ping_status":"closed","template":"page-fullwidth.php","meta":{"footnotes":""},"class_list":["post-2664","page","type-page","status-publish","hentry"],"_links":{"self":[{"href":"https:\/\/eltern1x1.de\/index.php\/wp-json\/wp\/v2\/pages\/2664","targetHints":{"allow":["GET"]}}],"collection":[{"href":"https:\/\/eltern1x1.de\/index.php\/wp-json\/wp\/v2\/pages"}],"about":[{"href":"https:\/\/eltern1x1.de\/index.php\/wp-json\/wp\/v2\/types\/page"}],"author":[{"embeddable":true,"href":"https:\/\/eltern1x1.de\/index.php\/wp-json\/wp\/v2\/users\/1"}],"replies":[{"embeddable":true,"href":"https:\/\/eltern1x1.de\/index.php\/wp-json\/wp\/v2\/comments?post=2664"}],"version-history":[{"count":18,"href":"https:\/\/eltern1x1.de\/index.php\/wp-json\/wp\/v2\/pages\/2664\/revisions"}],"predecessor-version":[{"id":2700,"href":"https:\/\/eltern1x1.de\/index.php\/wp-json\/wp\/v2\/pages\/2664\/revisions\/2700"}],"wp:attachment":[{"href":"https:\/\/eltern1x1.de\/index.php\/wp-json\/wp\/v2\/media?parent=2664"}],"curies":[{"name":"wp","href":"https:\/\/api.w.org\/{rel}","templated":true}]}}