{"id":270,"date":"2020-11-13T19:31:34","date_gmt":"2020-11-13T19:31:34","guid":{"rendered":"http:\/\/eltern1x1.de\/?page_id=270"},"modified":"2021-10-04T20:41:59","modified_gmt":"2021-10-04T20:41:59","slug":"meike-schuze","status":"publish","type":"page","link":"https:\/\/eltern1x1.de\/index.php\/meike-schuze\/","title":{"rendered":"\u00dcber mich"},"content":{"rendered":"\n<div class=\"wp-block-columns is-layout-flex wp-container-core-columns-is-layout-9d6595d7 wp-block-columns-is-layout-flex\">\n<div class=\"wp-block-column is-layout-flow wp-block-column-is-layout-flow\">\n<figure class=\"wp-block-image size-full\"><img loading=\"lazy\" decoding=\"async\" width=\"500\" height=\"579\" src=\"https:\/\/eltern1x1.de\/wp-content\/uploads\/MGR_7323_crop_klein_hell.jpg\" alt=\"\" class=\"wp-image-1263\" srcset=\"https:\/\/eltern1x1.de\/wp-content\/uploads\/MGR_7323_crop_klein_hell.jpg 500w, https:\/\/eltern1x1.de\/wp-content\/uploads\/MGR_7323_crop_klein_hell-259x300.jpg 259w\" sizes=\"auto, (max-width: 500px) 100vw, 500px\" \/><\/figure>\n<\/div>\n\n\n\n<div class=\"wp-block-column is-layout-flow wp-block-column-is-layout-flow\">\n<p>Ich bin <strong>Meike Schulze<\/strong>. <br>Meine beruflichen Wurzeln liegen in der Geburtshilfe. Als ausgebildete Hebamme betreue ich Familien, die nicht nur einfach Nachwuchs bekommen, sondern gleichzeitig auch als <strong>Eltern <\/strong>in einen neuen und aufregenden Lebensabschnitt &#8222;hineingeboren&#8220; werden.<br>Da es mich schon immer sehr interessiert hat, Familien auch \u00fcber die erste Zeit des Baby- und Kleinkindalters hinaus zu begleiten, habe ich in den vergangenen Jahren mein Wissen hierzu durch verschiedene Ausbildungen (Systemische Beratung, Possibility Management, Familienaufstellung) erweitert.<br><br>Damit Sie das Zusammensein mit Ihren Kindern nicht so oft als stressig, anstrengend und nervenaufreibend empfinden, sondern vor allem diese <strong>wichtige Zeit <\/strong>mit Leichtigkeit und Spa\u00df genie\u00dfen k\u00f6nnen, stelle ich Ihnen mein Wissen und meine Erfahrung als <strong>Familienberaterin <\/strong>zur Verf\u00fcgung. <br>Lassen Sie Sich als Eltern von mir begleiten, informieren und st\u00e4rken.<br><\/p>\n<\/div>\n<\/div>\n\n\n\n<p><\/p>\n","protected":false},"excerpt":{"rendered":"<p>Ich bin Meike Schulze. Meine beruflichen Wurzeln liegen in der Geburtshilfe. Als ausgebildete Hebamme betreue ich Familien, die nicht nur einfach Nachwuchs bekommen, sondern gleichzeitig auch als Eltern in einen neuen und aufregenden Lebensabschnitt &#8222;hineingeboren&#8220; werden.Da es mich schon immer sehr interessiert hat, Familien auch \u00fcber die erste Zeit des Baby- und Kleinkindalters hinaus zu [&hellip;]<\/p>\n","protected":false},"author":1,"featured_media":0,"parent":0,"menu_order":0,"comment_status":"closed","ping_status":"closed","template":"page-fullwidth.php","meta":{"footnotes":""},"class_list":["post-270","page","type-page","status-publish","hentry"],"_links":{"self":[{"href":"https:\/\/eltern1x1.de\/index.php\/wp-json\/wp\/v2\/pages\/270","targetHints":{"allow":["GET"]}}],"collection":[{"href":"https:\/\/eltern1x1.de\/index.php\/wp-json\/wp\/v2\/pages"}],"about":[{"href":"https:\/\/eltern1x1.de\/index.php\/wp-json\/wp\/v2\/types\/page"}],"author":[{"embeddable":true,"href":"https:\/\/eltern1x1.de\/index.php\/wp-json\/wp\/v2\/users\/1"}],"replies":[{"embeddable":true,"href":"https:\/\/eltern1x1.de\/index.php\/wp-json\/wp\/v2\/comments?post=270"}],"version-history":[{"count":37,"href":"https:\/\/eltern1x1.de\/index.php\/wp-json\/wp\/v2\/pages\/270\/revisions"}],"predecessor-version":[{"id":1264,"href":"https:\/\/eltern1x1.de\/index.php\/wp-json\/wp\/v2\/pages\/270\/revisions\/1264"}],"wp:attachment":[{"href":"https:\/\/eltern1x1.de\/index.php\/wp-json\/wp\/v2\/media?parent=270"}],"curies":[{"name":"wp","href":"https:\/\/api.w.org\/{rel}","templated":true}]}}