{"id":3419,"date":"2026-02-01T16:24:03","date_gmt":"2026-02-01T15:24:03","guid":{"rendered":"https:\/\/eltern1x1.de\/?page_id=3419"},"modified":"2026-02-21T14:58:19","modified_gmt":"2026-02-21T13:58:19","slug":"beckenbodentraining-fuer-frauen_praeventionskurs","status":"publish","type":"page","link":"https:\/\/eltern1x1.de\/index.php\/beckenbodentraining-fuer-frauen_praeventionskurs\/","title":{"rendered":"Beckenbodentraining f\u00fcr Frauen (Pr\u00e4ventionskurs)"},"content":{"rendered":"\n<div class=\"wp-block-columns is-layout-flex wp-container-core-columns-is-layout-9d6595d7 wp-block-columns-is-layout-flex\"><\/div>\n\n\n\n<div class=\"wp-block-columns is-layout-flex wp-container-core-columns-is-layout-9d6595d7 wp-block-columns-is-layout-flex\">\n<div class=\"wp-block-column is-layout-flow wp-block-column-is-layout-flow\">\n<p class=\"has-text-align-center has-text-color has-background has-medium-font-size\" style=\"color:#a6a1ac;background-color:#080093\"><strong>Beckenbodentraining f\u00fcr Frauen<\/strong> (Pr\u00e4ventionskurs)<\/p>\n\n\n\n<div class=\"wp-block-columns is-layout-flex wp-container-core-columns-is-layout-9d6595d7 wp-block-columns-is-layout-flex\">\n<div class=\"wp-block-column is-layout-flow wp-block-column-is-layout-flow\" style=\"flex-basis:49.6%\">\n<p class=\"has-text-color\" style=\"color:#080093\"><br><strong>Dieser Kurs wird von Ihrer Krankenkasse gef\u00f6rdert. <\/strong><br><br>Auch wenn es vielen Frauen vielleicht gar nicht bewusst ist, entscheidet die Fitness ihres Beckenbodens h\u00e4ufig \u00fcber das Wohlbefinden ihres K\u00f6rpers.<br>Eine starke K\u00f6rpermitte wirkt sich auf etliche Skelettmuskeln, die Lage der Bauchorgane und deren Funktionsweise, die K\u00f6rperhaltung, das sexuelle Lustempfinden, eine sch\u00f6ne Bauchoptik, die eigene Gesunderhaltung, eine positiv empfundenen Weiblichkeit und vieler weiterer lebensst\u00e4rkender Aspekte aus.<br>Da sich das Gewebe im Beckenboden, im Laufe der verschiedenen Lebensphasen, einer Frau durch k\u00f6rperliche Belastung, Wechsel der weiblichen Hormone, Schwangerschaften, nat\u00fcrlicher Alterungsprozesse und so weiter ver\u00e4ndert, braucht es immer wieder kr\u00e4ftigende und f\u00fcr diesen Bereich gezielte Impulse, um ein Wohlgef\u00fchl zu erzeugen und den eigenen K\u00f6rper bis ins hohe Alter gesund, kr\u00e4ftig und beweglich zu erhalten.<\/p>\n<\/div>\n\n\n\n<div class=\"wp-block-column is-layout-flow wp-block-column-is-layout-flow\" style=\"flex-basis:59.7%\">\n<figure class=\"wp-block-image size-full\"><img loading=\"lazy\" decoding=\"async\" width=\"828\" height=\"563\" src=\"https:\/\/eltern1x1.de\/wp-content\/uploads\/KursLogo_BeckenbodentrainingFuerFrauen_schwarz.jpg\" alt=\"\" class=\"wp-image-3417\" style=\"object-fit:contain\" srcset=\"https:\/\/eltern1x1.de\/wp-content\/uploads\/KursLogo_BeckenbodentrainingFuerFrauen_schwarz.jpg 828w, https:\/\/eltern1x1.de\/wp-content\/uploads\/KursLogo_BeckenbodentrainingFuerFrauen_schwarz-300x204.jpg 300w, https:\/\/eltern1x1.de\/wp-content\/uploads\/KursLogo_BeckenbodentrainingFuerFrauen_schwarz-768x522.jpg 768w, https:\/\/eltern1x1.de\/wp-content\/uploads\/KursLogo_BeckenbodentrainingFuerFrauen_schwarz-600x408.jpg 600w\" sizes=\"auto, (max-width: 828px) 100vw, 828px\" \/><\/figure>\n<\/div>\n<\/div>\n\n\n\n<p class=\"has-text-color\" style=\"color:#080093\">Hierzu ist es hilfreich, egal in welchem Alter, immer wieder gezielte Angebote zu nutzen, die Ihnen passende \u00dcbungen liefern, das Verst\u00e4ndnis f\u00fcr diesen K\u00f6rperteil vertiefen, Ideen f\u00fcr alltagsgerechte und Beckenboden st\u00e4rkende Bewegungen geben und auch eine Plattform bieten, wo Frauen sich austauschen und gegenseitig unterst\u00fctzen k\u00f6nnen.<br>Dies alles finden Sie in meinem Beckenbodentraining, welches als Pr\u00e4ventionskurs angeboten wird, der von Frauen zwischen dem 20. und 70. Lebensjahr besucht und genutzt werden kann. <em>(ZPP Bezeichnung: Powerhouse &#8211; pr\u00e4ventives kr\u00e4ftigendes Beckenbodentraining f\u00fcr Frauen)<\/em><br>Ich freue mich auf Sie und die gemeinsame Arbeit an Ihrer immer kr\u00e4ftiger werdenden K\u00f6rpermitte. Es wird Ihnen gefallen.<\/p>\n\n\n\n<p><\/p>\n\n\n\n<div class=\"wp-block-buttons is-layout-flex wp-block-buttons-is-layout-flex\">\n<div class=\"wp-block-button\"><a class=\"wp-block-button__link has-text-color has-background wp-element-button\" href=\"https:\/\/eltern1x1.de\/index.php\/produkt-kategorie\/beckenbodentraining_fuer_frauen\/\" style=\"color:#a6a1ac;background-color:#080093\">Details, Termine und Buchung<\/a><\/div>\n<\/div>\n<\/div>\n<\/div>\n\n\n\n<p><\/p>\n","protected":false},"excerpt":{"rendered":"<p>Beckenbodentraining f\u00fcr Frauen (Pr\u00e4ventionskurs) Dieser Kurs wird von Ihrer Krankenkasse gef\u00f6rdert. Auch wenn es vielen Frauen vielleicht gar nicht bewusst ist, entscheidet die Fitness ihres Beckenbodens h\u00e4ufig \u00fcber das Wohlbefinden ihres K\u00f6rpers.Eine starke K\u00f6rpermitte wirkt sich auf etliche Skelettmuskeln, die Lage der Bauchorgane und deren Funktionsweise, die K\u00f6rperhaltung, das sexuelle Lustempfinden, eine sch\u00f6ne Bauchoptik, die [&hellip;]<\/p>\n","protected":false},"author":1,"featured_media":0,"parent":0,"menu_order":1,"comment_status":"closed","ping_status":"closed","template":"page-fullwidth.php","meta":{"footnotes":""},"class_list":["post-3419","page","type-page","status-publish","hentry"],"_links":{"self":[{"href":"https:\/\/eltern1x1.de\/index.php\/wp-json\/wp\/v2\/pages\/3419","targetHints":{"allow":["GET"]}}],"collection":[{"href":"https:\/\/eltern1x1.de\/index.php\/wp-json\/wp\/v2\/pages"}],"about":[{"href":"https:\/\/eltern1x1.de\/index.php\/wp-json\/wp\/v2\/types\/page"}],"author":[{"embeddable":true,"href":"https:\/\/eltern1x1.de\/index.php\/wp-json\/wp\/v2\/users\/1"}],"replies":[{"embeddable":true,"href":"https:\/\/eltern1x1.de\/index.php\/wp-json\/wp\/v2\/comments?post=3419"}],"version-history":[{"count":12,"href":"https:\/\/eltern1x1.de\/index.php\/wp-json\/wp\/v2\/pages\/3419\/revisions"}],"predecessor-version":[{"id":3464,"href":"https:\/\/eltern1x1.de\/index.php\/wp-json\/wp\/v2\/pages\/3419\/revisions\/3464"}],"wp:attachment":[{"href":"https:\/\/eltern1x1.de\/index.php\/wp-json\/wp\/v2\/media?parent=3419"}],"curies":[{"name":"wp","href":"https:\/\/api.w.org\/{rel}","templated":true}]}}