{"id":415,"date":"2020-11-29T21:56:07","date_gmt":"2020-11-29T21:56:07","guid":{"rendered":"http:\/\/eltern1x1.de\/?page_id=415"},"modified":"2022-10-02T19:14:26","modified_gmt":"2022-10-02T17:14:26","slug":"on-demand_kurse","status":"publish","type":"page","link":"https:\/\/eltern1x1.de\/index.php\/on-demand_kurse\/","title":{"rendered":"On-Demand Kurse"},"content":{"rendered":"\n<p>Demn\u00e4chst sind hier Kurse verf\u00fcgbar, die Sie jederzeit f\u00fcr sich alleine zuhause durchf\u00fchren k\u00f6nnen (On-Demand Kurse).<\/p>\n\n\n\n<p>Schauen Sie doch bei Gelegenheit wieder vorbei.<\/p>\n\n\n\n<p><a href=\"https:\/\/eltern1x1.de\/index.php\/on-demand-geburtsvorbereitungskurs-registrierung\/\" data-type=\"URL\" data-id=\"https:\/\/eltern1x1.de\/index.php\/on-demand-geburtsvorbereitungskurs-registrierung\/\">On-Demand Geburtsvorbereitung<\/a><\/p>\n\n\n\n<hr class=\"wp-block-separator has-css-opacity\"\/>\n","protected":false},"excerpt":{"rendered":"<p>Demn\u00e4chst sind hier Kurse verf\u00fcgbar, die Sie jederzeit f\u00fcr sich alleine zuhause durchf\u00fchren k\u00f6nnen (On-Demand Kurse). Schauen Sie doch bei Gelegenheit wieder vorbei. On-Demand Geburtsvorbereitung<\/p>\n","protected":false},"author":1,"featured_media":0,"parent":0,"menu_order":0,"comment_status":"closed","ping_status":"closed","template":"page-fullwidth.php","meta":{"footnotes":""},"class_list":["post-415","page","type-page","status-publish","hentry"],"_links":{"self":[{"href":"https:\/\/eltern1x1.de\/index.php\/wp-json\/wp\/v2\/pages\/415","targetHints":{"allow":["GET"]}}],"collection":[{"href":"https:\/\/eltern1x1.de\/index.php\/wp-json\/wp\/v2\/pages"}],"about":[{"href":"https:\/\/eltern1x1.de\/index.php\/wp-json\/wp\/v2\/types\/page"}],"author":[{"embeddable":true,"href":"https:\/\/eltern1x1.de\/index.php\/wp-json\/wp\/v2\/users\/1"}],"replies":[{"embeddable":true,"href":"https:\/\/eltern1x1.de\/index.php\/wp-json\/wp\/v2\/comments?post=415"}],"version-history":[{"count":30,"href":"https:\/\/eltern1x1.de\/index.php\/wp-json\/wp\/v2\/pages\/415\/revisions"}],"predecessor-version":[{"id":1974,"href":"https:\/\/eltern1x1.de\/index.php\/wp-json\/wp\/v2\/pages\/415\/revisions\/1974"}],"wp:attachment":[{"href":"https:\/\/eltern1x1.de\/index.php\/wp-json\/wp\/v2\/media?parent=415"}],"curies":[{"name":"wp","href":"https:\/\/api.w.org\/{rel}","templated":true}]}}