{"id":42,"date":"2020-10-22T20:13:21","date_gmt":"2020-10-22T20:13:21","guid":{"rendered":"http:\/\/eltern1x1.de\/?page_id=42"},"modified":"2021-09-17T13:09:21","modified_gmt":"2021-09-17T13:09:21","slug":"hebammenbetreuung_kurse","status":"publish","type":"page","link":"https:\/\/eltern1x1.de\/index.php\/hebammenbetreuung_kurse\/","title":{"rendered":"Kurse"},"content":{"rendered":"\n<div class=\"wp-block-columns is-layout-flex wp-container-core-columns-is-layout-9d6595d7 wp-block-columns-is-layout-flex\">\n<div class=\"wp-block-column is-layout-flow wp-block-column-is-layout-flow\">\n<p class=\"has-text-align-center has-text-color has-background has-medium-font-size\" style=\"background-color:#dcc47a;color:#7e5c00\"><strong>Geburts\u00advorbereitungs\u00adkurs<\/strong><\/p>\n\n\n\n<div class=\"wp-block-columns is-layout-flex wp-container-core-columns-is-layout-9d6595d7 wp-block-columns-is-layout-flex\">\n<div class=\"wp-block-column is-layout-flow wp-block-column-is-layout-flow\" style=\"flex-basis:49.6%\">\n<p><em>_<\/em><\/p>\n<\/div>\n\n\n\n<div class=\"wp-block-column is-layout-flow wp-block-column-is-layout-flow\" style=\"flex-basis:59.7%\">\n<div class=\"wp-block-image\"><figure class=\"aligncenter size-medium\"><img loading=\"lazy\" decoding=\"async\" width=\"150\" height=\"300\" src=\"https:\/\/eltern1x1.de\/wp-content\/uploads\/Schwanger-150x300.png\" alt=\"\" class=\"wp-image-486\" srcset=\"https:\/\/eltern1x1.de\/wp-content\/uploads\/Schwanger-150x300.png 150w, https:\/\/eltern1x1.de\/wp-content\/uploads\/Schwanger-600x1200.png 600w, https:\/\/eltern1x1.de\/wp-content\/uploads\/Schwanger-512x1024.png 512w, https:\/\/eltern1x1.de\/wp-content\/uploads\/Schwanger.png 640w\" sizes=\"auto, (max-width: 150px) 100vw, 150px\" \/><\/figure><\/div>\n<\/div>\n<\/div>\n\n\n\n<p class=\"has-text-color\" style=\"color:#7e5c00\">Im Geburtsvorbereitungskurs geht es um Informationen zu Schwangerschaft, Geburt und fr\u00fches Wochenbett. Die werdende Mama wird k\u00f6rperlich und emotional auf den Prozess des Geb\u00e4rens eingestimmt. Dabei werden durch Information und Erkl\u00e4rung von Zusammenh\u00e4ngen w\u00e4hrend der Geburt M\u00f6glichkeiten der Geburtserleichterung erarbeitet.<br>Hilfreich dabei sind auch die K\u00f6rperwahrnehmungs- und Atem\u00fcbungen. <br>An den Partnerabenden wird auf die wichtige Rolle des werdenden Papas unter der Geburt eingegangen.<\/p>\n\n\n\n<div style=\"height:54px\" aria-hidden=\"true\" class=\"wp-block-spacer\"><\/div>\n\n\n\n<p><\/p>\n\n\n\n<div class=\"wp-block-buttons is-layout-flex wp-block-buttons-is-layout-flex\">\n<div class=\"wp-block-button\"><a class=\"wp-block-button__link has-text-color has-background\" href=\"https:\/\/eltern1x1.de\/index.php\/geburtsvorbereitung\/\" style=\"background-color:#dcc47a;color:#7e5c00\" rel=\"\">Details und Termine<\/a><\/div>\n<\/div>\n\n\n\n<div style=\"height:100px\" aria-hidden=\"true\" class=\"wp-block-spacer\"><\/div>\n<\/div>\n\n\n\n<div class=\"wp-block-column .h2-rot-schwarz { color: red; background-color: black; } is-layout-flow wp-block-column-is-layout-flow\">\n<p class=\"has-text-align-center has-text-color has-background has-medium-font-size\" style=\"background-color:#d2eeff;color:#3b93ca\"><strong><strong>R\u00fcckbildungs\u00adgymnastik<\/strong><\/strong><\/p>\n\n\n\n<div class=\"wp-block-image\"><figure class=\"aligncenter size-large is-resized\"><img loading=\"lazy\" decoding=\"async\" src=\"https:\/\/eltern1x1.de\/wp-content\/uploads\/Beckenbodenuebung_im_Liegen_1-1024x488.jpg\" alt=\"\" class=\"wp-image-605\" width=\"404\" height=\"192\" srcset=\"https:\/\/eltern1x1.de\/wp-content\/uploads\/Beckenbodenuebung_im_Liegen_1-1024x488.jpg 1024w, https:\/\/eltern1x1.de\/wp-content\/uploads\/Beckenbodenuebung_im_Liegen_1-600x286.jpg 600w, https:\/\/eltern1x1.de\/wp-content\/uploads\/Beckenbodenuebung_im_Liegen_1-300x143.jpg 300w, https:\/\/eltern1x1.de\/wp-content\/uploads\/Beckenbodenuebung_im_Liegen_1-768x366.jpg 768w, https:\/\/eltern1x1.de\/wp-content\/uploads\/Beckenbodenuebung_im_Liegen_1.jpg 1443w\" sizes=\"auto, (max-width: 404px) 100vw, 404px\" \/><\/figure><\/div>\n\n\n\n<p class=\"has-text-color\" style=\"color:#3b93ca\">Die R\u00fcckbildungsgymnastik dient dazu, die durch Schwangerschaft und Geburt stark beanspruchte Beckenboden- und Bauchmuskulatur zu regenerieren und wieder in Form zu bringen.<br>Mittels Hinsp\u00fcr\u00fcbungen, Informationen zu den besagten Muskelgruppen, kr\u00e4ftigenden \u00dcbungen und wertvollen Tipps f\u00fcr den Alltag werden Sie bald wieder ein gutes K\u00f6rpergef\u00fchl entwickeln.<\/p>\n\n\n\n<div style=\"height:54px\" aria-hidden=\"true\" class=\"wp-block-spacer\"><\/div>\n\n\n\n<div class=\"wp-block-buttons is-layout-flex wp-block-buttons-is-layout-flex\">\n<div class=\"wp-block-button\"><a class=\"wp-block-button__link has-text-color has-background\" href=\"https:\/\/eltern1x1.de\/index.php\/rueckbildungsgymnastik-2\/\" style=\"background-color:#d2eeff;color:#3b93ca\">Details und Termine<\/a><\/div>\n<\/div>\n\n\n\n<div style=\"height:100px\" aria-hidden=\"true\" class=\"wp-block-spacer\"><\/div>\n<\/div>\n<\/div>\n\n\n\n<div class=\"wp-block-columns is-layout-flex wp-container-core-columns-is-layout-9d6595d7 wp-block-columns-is-layout-flex\">\n<div class=\"wp-block-column is-layout-flow wp-block-column-is-layout-flow\">\n<p class=\"has-text-align-center has-light-green-cyan-background-color has-text-color has-background has-medium-font-size\" style=\"color:#007050\"><strong>Erweiterte R\u00fcckbildungs\u00adgymnastik<\/strong><\/p>\n\n\n\n<div class=\"wp-block-columns is-layout-flex wp-container-core-columns-is-layout-9d6595d7 wp-block-columns-is-layout-flex\">\n<div class=\"wp-block-column is-layout-flow wp-block-column-is-layout-flow\" style=\"flex-basis:49.6%\">\n<blockquote class=\"wp-block-quote is-style-large is-layout-flow wp-block-quote-is-layout-flow\"><p><em>Die Mama wird fit und das Baby macht mit<\/em><\/p><\/blockquote>\n\n\n\n<p><\/p>\n<\/div>\n\n\n\n<div class=\"wp-block-column is-layout-flow wp-block-column-is-layout-flow\" style=\"flex-basis:59.7%\">\n<div class=\"wp-block-image\"><figure class=\"aligncenter size-medium\"><img loading=\"lazy\" decoding=\"async\" width=\"166\" height=\"300\" src=\"https:\/\/eltern1x1.de\/wp-content\/uploads\/Frau_Baby_2-166x300.png\" alt=\"\" class=\"wp-image-482\" srcset=\"https:\/\/eltern1x1.de\/wp-content\/uploads\/Frau_Baby_2-166x300.png 166w, https:\/\/eltern1x1.de\/wp-content\/uploads\/Frau_Baby_2-600x1083.png 600w, https:\/\/eltern1x1.de\/wp-content\/uploads\/Frau_Baby_2-567x1024.png 567w, https:\/\/eltern1x1.de\/wp-content\/uploads\/Frau_Baby_2.png 640w\" sizes=\"auto, (max-width: 166px) 100vw, 166px\" \/><\/figure><\/div>\n\n\n\n<p><\/p>\n<\/div>\n<\/div>\n\n\n\n<p class=\"has-text-color\" style=\"color:#007050\">Nach dem R\u00fcckbildungsgymnastikkurs kennen Sie nun den Beckenboden und seine dazugeh\u00f6rigen Muskelgruppen und haben begonnen diesen zu kr\u00e4ftigen.<br>Wenn Sie Lust auf einen noch st\u00e4rkeren Beckenboden, mehr Kondition und Muskelkr\u00e4ftigung an Armen, Oberschenkel, Bauch, Po und R\u00fccken haben, ist dieses Kursangebot genau das Richtige f\u00fcr Sie.<br>Wir trainieren mit Elementen aus Aerobic, Pilates, Yoga und Gymnastik.<br>Zusammen mit Ihrem Baby und in der Gemeinschaft mit anderen Mamas werden Sie neben der Anstrengung auch viel Spa\u00df haben.<\/p>\n\n\n\n<div style=\"height:50px\" aria-hidden=\"true\" class=\"wp-block-spacer\"><\/div>\n\n\n\n<div class=\"wp-block-buttons is-layout-flex wp-block-buttons-is-layout-flex\">\n<div class=\"wp-block-button\"><a class=\"wp-block-button__link has-light-green-cyan-background-color has-text-color has-background\" href=\"https:\/\/eltern1x1.de\/index.php\/erweiterte_ruckbildungsgymnastik\/\" style=\"color:#007050\" rel=\"\">Details, Termine und Buchung<\/a><\/div>\n<\/div>\n<\/div>\n\n\n\n<div class=\"wp-block-column .h2-rot-schwarz { color: red; background-color: black; } is-layout-flow wp-block-column-is-layout-flow\"><\/div>\n<\/div>\n\n\n\n<p><\/p>\n","protected":false},"excerpt":{"rendered":"<p>Geburts\u00advorbereitungs\u00adkurs _ Im Geburtsvorbereitungskurs geht es um Informationen zu Schwangerschaft, Geburt und fr\u00fches Wochenbett. Die werdende Mama wird k\u00f6rperlich und emotional auf den Prozess des Geb\u00e4rens eingestimmt. Dabei werden durch Information und Erkl\u00e4rung von Zusammenh\u00e4ngen w\u00e4hrend der Geburt M\u00f6glichkeiten der Geburtserleichterung erarbeitet.Hilfreich dabei sind auch die K\u00f6rperwahrnehmungs- und Atem\u00fcbungen. An den Partnerabenden wird auf die [&hellip;]<\/p>\n","protected":false},"author":1,"featured_media":0,"parent":0,"menu_order":1,"comment_status":"closed","ping_status":"closed","template":"page-fullwidth.php","meta":{"footnotes":""},"class_list":["post-42","page","type-page","status-publish","hentry"],"_links":{"self":[{"href":"https:\/\/eltern1x1.de\/index.php\/wp-json\/wp\/v2\/pages\/42","targetHints":{"allow":["GET"]}}],"collection":[{"href":"https:\/\/eltern1x1.de\/index.php\/wp-json\/wp\/v2\/pages"}],"about":[{"href":"https:\/\/eltern1x1.de\/index.php\/wp-json\/wp\/v2\/types\/page"}],"author":[{"embeddable":true,"href":"https:\/\/eltern1x1.de\/index.php\/wp-json\/wp\/v2\/users\/1"}],"replies":[{"embeddable":true,"href":"https:\/\/eltern1x1.de\/index.php\/wp-json\/wp\/v2\/comments?post=42"}],"version-history":[{"count":160,"href":"https:\/\/eltern1x1.de\/index.php\/wp-json\/wp\/v2\/pages\/42\/revisions"}],"predecessor-version":[{"id":909,"href":"https:\/\/eltern1x1.de\/index.php\/wp-json\/wp\/v2\/pages\/42\/revisions\/909"}],"wp:attachment":[{"href":"https:\/\/eltern1x1.de\/index.php\/wp-json\/wp\/v2\/media?parent=42"}],"curies":[{"name":"wp","href":"https:\/\/api.w.org\/{rel}","templated":true}]}}