{"id":879,"date":"2021-09-17T12:37:03","date_gmt":"2021-09-17T12:37:03","guid":{"rendered":"http:\/\/eltern1x1.de\/?page_id=879"},"modified":"2021-10-03T14:36:46","modified_gmt":"2021-10-03T14:36:46","slug":"elternkurs-2","status":"publish","type":"page","link":"https:\/\/eltern1x1.de\/index.php\/elternkurs-2\/","title":{"rendered":"Elternkurs"},"content":{"rendered":"\n<div class=\"wp-block-columns is-layout-flex wp-container-core-columns-is-layout-9d6595d7 wp-block-columns-is-layout-flex\">\n<div class=\"wp-block-column .h2-rot-schwarz { color: red; background-color: black; } is-layout-flow wp-block-column-is-layout-flow\">\n<p class=\"has-text-align-center has-text-color has-background has-medium-font-size\" style=\"background-color:#d19cd8;color:#6716b3\"><strong>Elternkurs<\/strong><\/p>\n\n\n\n<div class=\"wp-block-columns is-layout-flex wp-container-core-columns-is-layout-9d6595d7 wp-block-columns-is-layout-flex\">\n<div class=\"wp-block-column is-layout-flow wp-block-column-is-layout-flow\" style=\"flex-basis:66%\">\n<blockquote class=\"wp-block-quote is-layout-flow wp-block-quote-is-layout-flow\"><p><em>Kinder sind so lieb, s\u00fc\u00df, putzig, einfallsreich, ber\u00fchren uns im Herzen, machen Spa\u00df und bereichern unser Leben.<\/em><\/p><\/blockquote>\n<\/div>\n\n\n\n<div class=\"wp-block-column is-layout-flow wp-block-column-is-layout-flow\">\n<div class=\"wp-block-image\"><figure class=\"aligncenter size-large is-resized\"><img loading=\"lazy\" decoding=\"async\" src=\"https:\/\/eltern1x1.de\/wp-content\/uploads\/suess.jpg\" alt=\"\" class=\"wp-image-216\" width=\"145\" height=\"144\" srcset=\"https:\/\/eltern1x1.de\/wp-content\/uploads\/suess.jpg 1013w, https:\/\/eltern1x1.de\/wp-content\/uploads\/suess-300x300.jpg 300w, https:\/\/eltern1x1.de\/wp-content\/uploads\/suess-100x100.jpg 100w, https:\/\/eltern1x1.de\/wp-content\/uploads\/suess-600x599.jpg 600w, https:\/\/eltern1x1.de\/wp-content\/uploads\/suess-150x150.jpg 150w, https:\/\/eltern1x1.de\/wp-content\/uploads\/suess-768x767.jpg 768w, https:\/\/eltern1x1.de\/wp-content\/uploads\/suess-60x60.jpg 60w\" sizes=\"auto, (max-width: 145px) 100vw, 145px\" \/><\/figure><\/div>\n<\/div>\n<\/div>\n\n\n\n<div class=\"wp-block-columns is-layout-flex wp-container-core-columns-is-layout-9d6595d7 wp-block-columns-is-layout-flex\">\n<div class=\"wp-block-column is-layout-flow wp-block-column-is-layout-flow\" style=\"flex-basis:66%\">\n<blockquote class=\"wp-block-quote is-layout-flow wp-block-quote-is-layout-flow\"><p><em>Kinder k\u00f6nnen aber auch nerven, bringen unseren Tagesplan durcheinander, sind anstrengend und manchmal einfach nicht zu verstehen.<\/em><\/p><\/blockquote>\n<\/div>\n\n\n\n<div class=\"wp-block-column is-layout-flow wp-block-column-is-layout-flow\">\n<div class=\"wp-block-image\"><figure class=\"aligncenter size-large is-resized\"><img loading=\"lazy\" decoding=\"async\" src=\"https:\/\/eltern1x1.de\/wp-content\/uploads\/boese-977x1024.jpg\" alt=\"\" class=\"wp-image-217\" width=\"126\" height=\"132\" srcset=\"https:\/\/eltern1x1.de\/wp-content\/uploads\/boese-977x1024.jpg 977w, https:\/\/eltern1x1.de\/wp-content\/uploads\/boese-600x629.jpg 600w, https:\/\/eltern1x1.de\/wp-content\/uploads\/boese-286x300.jpg 286w, https:\/\/eltern1x1.de\/wp-content\/uploads\/boese-768x805.jpg 768w, https:\/\/eltern1x1.de\/wp-content\/uploads\/boese.jpg 1221w\" sizes=\"auto, (max-width: 126px) 100vw, 126px\" \/><\/figure><\/div>\n<\/div>\n<\/div>\n\n\n\n<p class=\"has-text-color\" style=\"color:#6716b3\">Besonders <strong>in den ersten drei Jahren<\/strong> sind Kinder darauf angewiesen von den Erwachsenen mit all ihren Bed\u00fcrfnissen gesehen und verstanden zu werden.<br>Wenn dies gut gelingt, entwickeln sie ein gesundes Urvertrauen in ihr kommendes Leben.<br><strong>Werden Kinder gr\u00f6\u00dfer<\/strong>, fordern sie Anleitung, suchen Grenzen und wollen von ihren Vorbildern lernen.<br>Je inniger und vertrauensvoller die Eltern-Kind-Beziehung ist, umso entspannter wird der Umgang mit dem Nachwuchs.<\/p>\n\n\n\n<div style=\"height:100px\" aria-hidden=\"true\" class=\"wp-block-spacer\"><\/div>\n\n\n\n<p class=\"has-text-color\" style=\"color:#6716b3\">I<strong>m Elternkurs<\/strong> &#8230;<\/p>\n\n\n\n<ul class=\"wp-block-list\"><li>&#8230; <span style=\"color:#6716b3\" class=\"has-inline-color\">schauen wir uns M\u00f6glichkeiten an, <strong>Beziehung<\/strong> &nbsp;zwischen Eltern und ihren Kindern zu vertiefen<\/span>.<\/li><li>&#8230; <span style=\"color:#6716b3\" class=\"has-inline-color\">werden wir uns dem Thema <strong>Kommunikation<\/strong> &nbsp;zuwenden<\/span>.<\/li><li><span style=\"color:#6716b3\" class=\"has-inline-color\">&#8230; lernen wir <strong>unsere Gef\u00fchle<\/strong> zu benennen und als Wegweiser zu nutzen<\/span>.<\/li><li><span style=\"color:#6716b3\" class=\"has-inline-color\">&#8230; sensibilisieren wir uns f\u00fcr das, was so allt\u00e4glich&nbsp;<strong>unbewusst<\/strong> in unserer Familie abl\u00e4uft<\/span>.<\/li><li><span style=\"color:#6716b3\" class=\"has-inline-color\">&#8230; schauen wir uns an, was&nbsp;<strong>Probleme<\/strong>&nbsp;sind und wie wir damit umgehen<\/span>.<\/li><li><span style=\"color:#6716b3\" class=\"has-inline-color\">&#8230; erfahren wir mehr \u00fcber&nbsp;<strong>kindliche Entwicklungsstufen<\/strong> und wie Mama und Papa dabei f\u00f6rderlich unterst\u00fctzen k\u00f6nnen<\/span>.<\/li><li>.<span style=\"color:#6716b3\" class=\"has-inline-color\">.. gibt es genug Raum sich mit&nbsp;<strong>anderen Eltern<\/strong> auszutauschen<\/span>.<\/li><\/ul>\n\n\n\n<div style=\"height:100px\" aria-hidden=\"true\" class=\"wp-block-spacer\"><\/div>\n\n\n\n<div class=\"wp-block-buttons is-layout-flex wp-block-buttons-is-layout-flex\">\n<div class=\"wp-block-button\"><a class=\"wp-block-button__link has-text-color has-background\" href=\"https:\/\/eltern1x1.de\/index.php\/produkt-kategorie\/elternkursbasis\/\" style=\"background-color:#d19cd8;color:#6716b3\">Details, Termine und Buchung<\/a><\/div>\n<\/div>\n<\/div>\n<\/div>\n\n\n\n<p><\/p>\n","protected":false},"excerpt":{"rendered":"<p>Elternkurs Kinder sind so lieb, s\u00fc\u00df, putzig, einfallsreich, ber\u00fchren uns im Herzen, machen Spa\u00df und bereichern unser Leben. Kinder k\u00f6nnen aber auch nerven, bringen unseren Tagesplan durcheinander, sind anstrengend und manchmal einfach nicht zu verstehen. Besonders in den ersten drei Jahren sind Kinder darauf angewiesen von den Erwachsenen mit all ihren Bed\u00fcrfnissen gesehen und verstanden [&hellip;]<\/p>\n","protected":false},"author":1,"featured_media":0,"parent":0,"menu_order":1,"comment_status":"closed","ping_status":"closed","template":"page-fullwidth.php","meta":{"footnotes":""},"class_list":["post-879","page","type-page","status-publish","hentry"],"_links":{"self":[{"href":"https:\/\/eltern1x1.de\/index.php\/wp-json\/wp\/v2\/pages\/879","targetHints":{"allow":["GET"]}}],"collection":[{"href":"https:\/\/eltern1x1.de\/index.php\/wp-json\/wp\/v2\/pages"}],"about":[{"href":"https:\/\/eltern1x1.de\/index.php\/wp-json\/wp\/v2\/types\/page"}],"author":[{"embeddable":true,"href":"https:\/\/eltern1x1.de\/index.php\/wp-json\/wp\/v2\/users\/1"}],"replies":[{"embeddable":true,"href":"https:\/\/eltern1x1.de\/index.php\/wp-json\/wp\/v2\/comments?post=879"}],"version-history":[{"count":11,"href":"https:\/\/eltern1x1.de\/index.php\/wp-json\/wp\/v2\/pages\/879\/revisions"}],"predecessor-version":[{"id":1206,"href":"https:\/\/eltern1x1.de\/index.php\/wp-json\/wp\/v2\/pages\/879\/revisions\/1206"}],"wp:attachment":[{"href":"https:\/\/eltern1x1.de\/index.php\/wp-json\/wp\/v2\/media?parent=879"}],"curies":[{"name":"wp","href":"https:\/\/api.w.org\/{rel}","templated":true}]}}