{"id":896,"date":"2021-09-17T12:55:31","date_gmt":"2021-09-17T12:55:31","guid":{"rendered":"http:\/\/eltern1x1.de\/?page_id=896"},"modified":"2021-11-11T23:48:16","modified_gmt":"2021-11-11T22:48:16","slug":"rueckbildungsgymnastik","status":"publish","type":"page","link":"https:\/\/eltern1x1.de\/index.php\/rueckbildungsgymnastik\/","title":{"rendered":"R\u00fcckbildungs&shy;gymnastik"},"content":{"rendered":"\n<div class=\"wp-block-columns is-layout-flex wp-container-core-columns-is-layout-9d6595d7 wp-block-columns-is-layout-flex\">\n<div class=\"wp-block-column .h2-rot-schwarz { color: red; background-color: black; } is-layout-flow wp-block-column-is-layout-flow\">\n<p class=\"has-text-align-center has-text-color has-background has-medium-font-size\" style=\"background-color:#d2eeff;color:#3b93ca\"><strong><strong>R\u00fcckbildungs\u00adgymnastik<\/strong><\/strong><\/p>\n\n\n\n<div class=\"wp-block-columns is-layout-flex wp-container-core-columns-is-layout-9d6595d7 wp-block-columns-is-layout-flex\">\n<div class=\"wp-block-column is-layout-flow wp-block-column-is-layout-flow\">\n<p class=\"has-text-color\" style=\"color:#3b93ca\">Die R\u00fcckbildungsgymnastik dient dazu, die durch Schwangerschaft und Geburt stark beanspruchte Beckenboden- und Bauchmuskulatur zu regenerieren und wieder in Form zu bringen.<br>Mittels Hinsp\u00fcr\u00fcbungen, Informationen zu den besagten Muskelgruppen, kr\u00e4ftigenden \u00dcbungen und wertvollen Tipps f\u00fcr den Alltag werden Sie bald wieder ein gutes K\u00f6rpergef\u00fchl entwickeln.<\/p>\n<\/div>\n\n\n\n<div class=\"wp-block-column is-layout-flow wp-block-column-is-layout-flow\">\n<div class=\"wp-block-image\"><figure class=\"aligncenter size-large is-resized\"><img loading=\"lazy\" decoding=\"async\" src=\"https:\/\/eltern1x1.de\/wp-content\/uploads\/Beckenbodenuebung_im_Liegen_1-1024x488.jpg\" alt=\"\" class=\"wp-image-605\" width=\"404\" height=\"192\" srcset=\"https:\/\/eltern1x1.de\/wp-content\/uploads\/Beckenbodenuebung_im_Liegen_1-1024x488.jpg 1024w, https:\/\/eltern1x1.de\/wp-content\/uploads\/Beckenbodenuebung_im_Liegen_1-600x286.jpg 600w, https:\/\/eltern1x1.de\/wp-content\/uploads\/Beckenbodenuebung_im_Liegen_1-300x143.jpg 300w, https:\/\/eltern1x1.de\/wp-content\/uploads\/Beckenbodenuebung_im_Liegen_1-768x366.jpg 768w, https:\/\/eltern1x1.de\/wp-content\/uploads\/Beckenbodenuebung_im_Liegen_1.jpg 1443w\" sizes=\"auto, (max-width: 404px) 100vw, 404px\" \/><\/figure><\/div>\n<\/div>\n<\/div>\n\n\n\n<div class=\"wp-block-buttons is-layout-flex wp-block-buttons-is-layout-flex\">\n<div class=\"wp-block-button\"><a class=\"wp-block-button__link has-text-color has-background\" href=\"https:\/\/eltern1x1.de\/index.php\/produkt-kategorie\/rueckbildungsgymnastik\/\" style=\"background-color:#d2eeff;color:#3b93ca\">Details und Termine<\/a><\/div>\n<\/div>\n<\/div>\n<\/div>\n\n\n\n<p><\/p>\n","protected":false},"excerpt":{"rendered":"<p>R\u00fcckbildungs\u00adgymnastik Die R\u00fcckbildungsgymnastik dient dazu, die durch Schwangerschaft und Geburt stark beanspruchte Beckenboden- und Bauchmuskulatur zu regenerieren und wieder in Form zu bringen.Mittels Hinsp\u00fcr\u00fcbungen, Informationen zu den besagten Muskelgruppen, kr\u00e4ftigenden \u00dcbungen und wertvollen Tipps f\u00fcr den Alltag werden Sie bald wieder ein gutes K\u00f6rpergef\u00fchl entwickeln.<\/p>\n","protected":false},"author":1,"featured_media":0,"parent":0,"menu_order":1,"comment_status":"closed","ping_status":"closed","template":"page-fullwidth.php","meta":{"footnotes":""},"class_list":["post-896","page","type-page","status-publish","hentry"],"_links":{"self":[{"href":"https:\/\/eltern1x1.de\/index.php\/wp-json\/wp\/v2\/pages\/896","targetHints":{"allow":["GET"]}}],"collection":[{"href":"https:\/\/eltern1x1.de\/index.php\/wp-json\/wp\/v2\/pages"}],"about":[{"href":"https:\/\/eltern1x1.de\/index.php\/wp-json\/wp\/v2\/types\/page"}],"author":[{"embeddable":true,"href":"https:\/\/eltern1x1.de\/index.php\/wp-json\/wp\/v2\/users\/1"}],"replies":[{"embeddable":true,"href":"https:\/\/eltern1x1.de\/index.php\/wp-json\/wp\/v2\/comments?post=896"}],"version-history":[{"count":3,"href":"https:\/\/eltern1x1.de\/index.php\/wp-json\/wp\/v2\/pages\/896\/revisions"}],"predecessor-version":[{"id":1446,"href":"https:\/\/eltern1x1.de\/index.php\/wp-json\/wp\/v2\/pages\/896\/revisions\/1446"}],"wp:attachment":[{"href":"https:\/\/eltern1x1.de\/index.php\/wp-json\/wp\/v2\/media?parent=896"}],"curies":[{"name":"wp","href":"https:\/\/api.w.org\/{rel}","templated":true}]}}