{"id":900,"date":"2021-09-17T12:59:01","date_gmt":"2021-09-17T12:59:01","guid":{"rendered":"http:\/\/eltern1x1.de\/?page_id=900"},"modified":"2025-04-01T17:17:58","modified_gmt":"2025-04-01T15:17:58","slug":"die-mama-wird-fit-das-baby-macht-mit","status":"publish","type":"page","link":"https:\/\/eltern1x1.de\/index.php\/die-mama-wird-fit-das-baby-macht-mit\/","title":{"rendered":"Die Mama wird fit &#8211; das Baby macht mit"},"content":{"rendered":"\n<div class=\"wp-block-columns is-layout-flex wp-container-core-columns-is-layout-9d6595d7 wp-block-columns-is-layout-flex\"><\/div>\n\n\n\n<div class=\"wp-block-columns is-layout-flex wp-container-core-columns-is-layout-9d6595d7 wp-block-columns-is-layout-flex\">\n<div class=\"wp-block-column is-layout-flow wp-block-column-is-layout-flow\">\n<p class=\"has-text-align-center has-light-green-cyan-background-color has-text-color has-background has-medium-font-size\" style=\"color:#007050\"><strong>Die Mama wird fit &#8211; das Baby macht mit<\/strong><\/p>\n\n\n\n<div class=\"wp-block-columns is-layout-flex wp-container-core-columns-is-layout-9d6595d7 wp-block-columns-is-layout-flex\">\n<div class=\"wp-block-column is-layout-flow wp-block-column-is-layout-flow\" style=\"flex-basis:49.6%\">\n<p class=\"has-text-color\" style=\"color:#007050\"><br>Nach dem R\u00fcckbildungsgymnastikkurs kennen Sie nun den Beckenboden und seine dazugeh\u00f6rigen Muskelgruppen und haben begonnen diese zu kr\u00e4ftigen.<br>Wenn Sie Lust auf einen noch st\u00e4rkeren Beckenboden, mehr Kondition, eine straffere K\u00f6rpermitte und Muskelkr\u00e4ftigung an Armen, Oberschenkel, Bauch, Po und R\u00fccken haben, ist dieses Kursangebot genau das Richtige f\u00fcr Sie.<br>Zusammen mit Ihrem Baby und in der Gemeinschaft mit anderen Mamas, werden Sie neben den anstrengenden \u00dcbungen auch viel Spa\u00df haben.<\/p>\n\n\n\n<p><\/p>\n<\/div>\n\n\n\n<div class=\"wp-block-column is-layout-flow wp-block-column-is-layout-flow\" style=\"flex-basis:59.7%\"><div class=\"wp-block-image\">\n<figure class=\"aligncenter size-medium is-resized\"><img loading=\"lazy\" decoding=\"async\" width=\"166\" height=\"300\" src=\"https:\/\/eltern1x1.de\/wp-content\/uploads\/Frau_Baby_2-166x300.png\" alt=\"\" class=\"wp-image-482\" style=\"width:242px;height:437px\" srcset=\"https:\/\/eltern1x1.de\/wp-content\/uploads\/Frau_Baby_2-166x300.png 166w, https:\/\/eltern1x1.de\/wp-content\/uploads\/Frau_Baby_2-600x1083.png 600w, https:\/\/eltern1x1.de\/wp-content\/uploads\/Frau_Baby_2-567x1024.png 567w, https:\/\/eltern1x1.de\/wp-content\/uploads\/Frau_Baby_2.png 640w\" sizes=\"auto, (max-width: 166px) 100vw, 166px\" \/><\/figure><\/div>\n\n\n<p><\/p>\n<\/div>\n<\/div>\n\n\n\n<div class=\"wp-block-buttons is-layout-flex wp-block-buttons-is-layout-flex\">\n<div class=\"wp-block-button\"><a class=\"wp-block-button__link has-light-green-cyan-background-color has-text-color has-background wp-element-button\" href=\"https:\/\/eltern1x1.de\/index.php\/produkt-kategorie\/die-mama-wird-fit-das-baby-macht-mit\/\" style=\"color:#007050\" rel=\"\">Details, Termine und Buchung<\/a><\/div>\n<\/div>\n<\/div>\n<\/div>\n\n\n\n<p><\/p>\n","protected":false},"excerpt":{"rendered":"<p>Die Mama wird fit &#8211; das Baby macht mit Nach dem R\u00fcckbildungsgymnastikkurs kennen Sie nun den Beckenboden und seine dazugeh\u00f6rigen Muskelgruppen und haben begonnen diese zu kr\u00e4ftigen.Wenn Sie Lust auf einen noch st\u00e4rkeren Beckenboden, mehr Kondition, eine straffere K\u00f6rpermitte und Muskelkr\u00e4ftigung an Armen, Oberschenkel, Bauch, Po und R\u00fccken haben, ist dieses Kursangebot genau das Richtige [&hellip;]<\/p>\n","protected":false},"author":1,"featured_media":0,"parent":0,"menu_order":1,"comment_status":"closed","ping_status":"closed","template":"page-fullwidth.php","meta":{"footnotes":""},"class_list":["post-900","page","type-page","status-publish","hentry"],"_links":{"self":[{"href":"https:\/\/eltern1x1.de\/index.php\/wp-json\/wp\/v2\/pages\/900","targetHints":{"allow":["GET"]}}],"collection":[{"href":"https:\/\/eltern1x1.de\/index.php\/wp-json\/wp\/v2\/pages"}],"about":[{"href":"https:\/\/eltern1x1.de\/index.php\/wp-json\/wp\/v2\/types\/page"}],"author":[{"embeddable":true,"href":"https:\/\/eltern1x1.de\/index.php\/wp-json\/wp\/v2\/users\/1"}],"replies":[{"embeddable":true,"href":"https:\/\/eltern1x1.de\/index.php\/wp-json\/wp\/v2\/comments?post=900"}],"version-history":[{"count":8,"href":"https:\/\/eltern1x1.de\/index.php\/wp-json\/wp\/v2\/pages\/900\/revisions"}],"predecessor-version":[{"id":2981,"href":"https:\/\/eltern1x1.de\/index.php\/wp-json\/wp\/v2\/pages\/900\/revisions\/2981"}],"wp:attachment":[{"href":"https:\/\/eltern1x1.de\/index.php\/wp-json\/wp\/v2\/media?parent=900"}],"curies":[{"name":"wp","href":"https:\/\/api.w.org\/{rel}","templated":true}]}}