{"id":1790,"date":"2022-04-26T22:36:24","date_gmt":"2022-04-26T20:36:24","guid":{"rendered":"http:\/\/eltern1x1.de\/?post_type=product&#038;p=1790"},"modified":"2023-04-02T19:33:43","modified_gmt":"2023-04-02T17:33:43","slug":"online-elternkurs-basis-kursbeginn-05-10-2022","status":"publish","type":"product","link":"https:\/\/eltern1x1.de\/index.php\/produkt\/online-elternkurs-basis-kursbeginn-05-10-2022\/","title":{"rendered":"Elternkurs-Basis &#8211; Kursbeginn 26.10.2022"},"content":{"rendered":"<p>Dies ist ein Onlinekurs plus einem &#8222;vor Ort&#8220; Termin.<\/p>\n<p>Nach Ihrer Anmeldung erhalten Sie eine Best\u00e4tigungsmail (bitte sehen Sie auch in Ihrem Spamordner nach) und kurz vor Beginn des Kurses sende ich Ihnen ebenfalls per Mail einen Zoom-Link, mit dem Sie sich dann an allen Kurseinheiten einloggen k\u00f6nnen.<br \/>\nUm am Kurs teilnehmen zu k\u00f6nnen, ist es notwendig, die Software Zoom auf Ihrem PC bzw. MAC zu installieren. Eine Teilnahme via Smartphone oder Tablet ist aus technischen Gr\u00fcnden leider nicht m\u00f6glich.<\/p>\n<p>Falls Sie Zoom bisher auf Ihrem Ger\u00e4t nicht installiert haben, gehen Sie am besten\u00a0 auf diese Seite <a href=\"https:\/\/zoom.us\/download#client_4meeting\" target=\"_blank\" rel=\"noopener\">hier<\/a> und dr\u00fccken auf den ersten blauen Button unter der \u00dcberschrift &#8222;Zoom-Client f\u00fcr Meetings&#8220;. Danach folgen Sie einfach den Anweisungen. Es ist f\u00fcr Sie nicht notwendig einen Zoom Account anzulegen. Bitte stellen Sie auch sicher, dass Sie eine funktionierende Kamera und ein Mikrofon haben.<\/p>\n<p>Bitte beachten Sie:<br \/>\nW\u00e4hrend des Online-Kurses werden Sie von anderen Kursteilnehmern gesehen und geh\u00f6rt.<br \/>\nEine Aufzeichnung des Kurses ganz oder teilweise ist nicht gestattet.<\/p>\n","protected":false},"excerpt":{"rendered":"<p>Dies ist ein Onlinekurs plus einem &#8222;vor Ort&#8220; Termin. Nach Ihrer Anmeldung erhalten Sie eine Best\u00e4tigungsmail (bitte sehen Sie auch in Ihrem Spamordner nach) und kurz vor Beginn des Kurses sende ich Ihnen ebenfalls per Mail einen Zoom-Link, mit dem Sie sich dann an allen Kurseinheiten einloggen k\u00f6nnen. Um am Kurs teilnehmen zu k\u00f6nnen, ist [&hellip;]<\/p>\n","protected":false},"featured_media":1224,"template":"","meta":[],"product_brand":[],"product_cat":[23],"product_tag":[],"class_list":{"0":"post-1790","1":"product","2":"type-product","3":"status-publish","4":"has-post-thumbnail","6":"product_cat-elternkursbasis","8":"first","9":"instock","10":"shipping-taxable","11":"purchasable","12":"product-type-simple"},"_links":{"self":[{"href":"https:\/\/eltern1x1.de\/index.php\/wp-json\/wp\/v2\/product\/1790","targetHints":{"allow":["GET"]}}],"collection":[{"href":"https:\/\/eltern1x1.de\/index.php\/wp-json\/wp\/v2\/product"}],"about":[{"href":"https:\/\/eltern1x1.de\/index.php\/wp-json\/wp\/v2\/types\/product"}],"wp:featuredmedia":[{"embeddable":true,"href":"https:\/\/eltern1x1.de\/index.php\/wp-json\/wp\/v2\/media\/1224"}],"wp:attachment":[{"href":"https:\/\/eltern1x1.de\/index.php\/wp-json\/wp\/v2\/media?parent=1790"}],"wp:term":[{"taxonomy":"product_brand","embeddable":true,"href":"https:\/\/eltern1x1.de\/index.php\/wp-json\/wp\/v2\/product_brand?post=1790"},{"taxonomy":"product_cat","embeddable":true,"href":"https:\/\/eltern1x1.de\/index.php\/wp-json\/wp\/v2\/product_cat?post=1790"},{"taxonomy":"product_tag","embeddable":true,"href":"https:\/\/eltern1x1.de\/index.php\/wp-json\/wp\/v2\/product_tag?post=1790"}],"curies":[{"name":"wp","href":"https:\/\/api.w.org\/{rel}","templated":true}]}}