{"id":1903,"date":"2022-09-21T19:36:39","date_gmt":"2022-09-21T17:36:39","guid":{"rendered":"http:\/\/eltern1x1.de\/?post_type=product&#038;p=1903"},"modified":"2023-05-22T13:00:18","modified_gmt":"2023-05-22T11:00:18","slug":"erweiterte-rueckbildungsgymnastik-kursbeginn-31-01-2023","status":"publish","type":"product","link":"https:\/\/eltern1x1.de\/index.php\/produkt\/erweiterte-rueckbildungsgymnastik-kursbeginn-31-01-2023\/","title":{"rendered":"Erweiterte R\u00fcckbildungsgymnastik &#8211; Kursbeginn 31.01.2023"},"content":{"rendered":"<p>Kursort:<br \/>\nKursraum der Praxis f\u00fcr Gesundheit und Familie<br \/>\nSchulstra\u00dfe 17<br \/>\n71292 Friolzheim<\/p>\n<p>Die Mindestteilnehmerzahl f\u00fcr diesen Kurs betr\u00e4gt sechs Personen.<\/p>\n","protected":false},"excerpt":{"rendered":"<p>Kursort: Kursraum der Praxis f\u00fcr Gesundheit und Familie Schulstra\u00dfe 17 71292 Friolzheim Die Mindestteilnehmerzahl f\u00fcr diesen Kurs betr\u00e4gt sechs Personen.<\/p>\n","protected":false},"featured_media":1225,"template":"","meta":[],"product_brand":[],"product_cat":[19],"product_tag":[],"class_list":{"0":"post-1903","1":"product","2":"type-product","3":"status-publish","4":"has-post-thumbnail","6":"product_cat-erweiterte-rueckbildungsgymnastik","8":"first","9":"instock","10":"shipping-taxable","11":"purchasable","12":"product-type-simple"},"_links":{"self":[{"href":"https:\/\/eltern1x1.de\/index.php\/wp-json\/wp\/v2\/product\/1903","targetHints":{"allow":["GET"]}}],"collection":[{"href":"https:\/\/eltern1x1.de\/index.php\/wp-json\/wp\/v2\/product"}],"about":[{"href":"https:\/\/eltern1x1.de\/index.php\/wp-json\/wp\/v2\/types\/product"}],"wp:featuredmedia":[{"embeddable":true,"href":"https:\/\/eltern1x1.de\/index.php\/wp-json\/wp\/v2\/media\/1225"}],"wp:attachment":[{"href":"https:\/\/eltern1x1.de\/index.php\/wp-json\/wp\/v2\/media?parent=1903"}],"wp:term":[{"taxonomy":"product_brand","embeddable":true,"href":"https:\/\/eltern1x1.de\/index.php\/wp-json\/wp\/v2\/product_brand?post=1903"},{"taxonomy":"product_cat","embeddable":true,"href":"https:\/\/eltern1x1.de\/index.php\/wp-json\/wp\/v2\/product_cat?post=1903"},{"taxonomy":"product_tag","embeddable":true,"href":"https:\/\/eltern1x1.de\/index.php\/wp-json\/wp\/v2\/product_tag?post=1903"}],"curies":[{"name":"wp","href":"https:\/\/api.w.org\/{rel}","templated":true}]}}