{"id":2221,"date":"2023-05-22T14:40:54","date_gmt":"2023-05-22T12:40:54","guid":{"rendered":"http:\/\/eltern1x1.de\/?post_type=product&#038;p=2221"},"modified":"2023-12-09T12:55:31","modified_gmt":"2023-12-09T11:55:31","slug":"rueckbildungsgymnastik-vormittagskurs-mit-baby-kursbeginn-10-10-2023","status":"publish","type":"product","link":"https:\/\/eltern1x1.de\/index.php\/produkt\/rueckbildungsgymnastik-vormittagskurs-mit-baby-kursbeginn-10-10-2023\/","title":{"rendered":"R\u00fcckbildungs\u00adgymnastik (Vormittagskurs mit Baby) &#8211; Kursbeginn 10.10.2023"},"content":{"rendered":"<p>Kursort:<br \/>\nKursraum der Praxis f\u00fcr Gesundheit und Familie<br \/>\nSchulstra\u00dfe 17<br \/>\n71292 Friolzheim<\/p>\n<p>Die Mindestteilnehmerzahl f\u00fcr diesen Kurs betr\u00e4gt sechs Personen.<\/p>\n","protected":false},"excerpt":{"rendered":"<p>Kursort: Kursraum der Praxis f\u00fcr Gesundheit und Familie Schulstra\u00dfe 17 71292 Friolzheim Die Mindestteilnehmerzahl f\u00fcr diesen Kurs betr\u00e4gt sechs Personen.<\/p>\n","protected":false},"featured_media":1399,"template":"","meta":[],"product_brand":[],"product_cat":[22],"product_tag":[],"class_list":{"0":"post-2221","1":"product","2":"type-product","3":"status-publish","4":"has-post-thumbnail","6":"product_cat-rueckbildungsgymnastik","8":"first","9":"outofstock","10":"sold-individually","11":"shipping-taxable","12":"purchasable","13":"product-type-simple"},"_links":{"self":[{"href":"https:\/\/eltern1x1.de\/index.php\/wp-json\/wp\/v2\/product\/2221","targetHints":{"allow":["GET"]}}],"collection":[{"href":"https:\/\/eltern1x1.de\/index.php\/wp-json\/wp\/v2\/product"}],"about":[{"href":"https:\/\/eltern1x1.de\/index.php\/wp-json\/wp\/v2\/types\/product"}],"wp:featuredmedia":[{"embeddable":true,"href":"https:\/\/eltern1x1.de\/index.php\/wp-json\/wp\/v2\/media\/1399"}],"wp:attachment":[{"href":"https:\/\/eltern1x1.de\/index.php\/wp-json\/wp\/v2\/media?parent=2221"}],"wp:term":[{"taxonomy":"product_brand","embeddable":true,"href":"https:\/\/eltern1x1.de\/index.php\/wp-json\/wp\/v2\/product_brand?post=2221"},{"taxonomy":"product_cat","embeddable":true,"href":"https:\/\/eltern1x1.de\/index.php\/wp-json\/wp\/v2\/product_cat?post=2221"},{"taxonomy":"product_tag","embeddable":true,"href":"https:\/\/eltern1x1.de\/index.php\/wp-json\/wp\/v2\/product_tag?post=2221"}],"curies":[{"name":"wp","href":"https:\/\/api.w.org\/{rel}","templated":true}]}}