{"id":2847,"date":"2024-11-10T12:23:10","date_gmt":"2024-11-10T11:23:10","guid":{"rendered":"https:\/\/eltern1x1.de\/?post_type=product&#038;p=2847"},"modified":"2025-03-20T14:53:27","modified_gmt":"2025-03-20T13:53:27","slug":"die-mama-wird-fit-das-baby-macht-mit-kursbeginn-30-01-2025","status":"publish","type":"product","link":"https:\/\/eltern1x1.de\/index.php\/produkt\/die-mama-wird-fit-das-baby-macht-mit-kursbeginn-30-01-2025\/","title":{"rendered":"Die Mama wird fit &#8211; das Baby macht mit &#8211; Kursbeginn 30.01.2025"},"content":{"rendered":"<p>Kursort:<br \/>\nKursraum der Hebammenpraxis<br \/>\nSchulstra\u00dfe 17<br \/>\n71292 Friolzheim<\/p>\n<p>Die Mindestteilnehmerzahl f\u00fcr diesen Kurs betr\u00e4gt sechs Personen.<\/p>\n","protected":false},"excerpt":{"rendered":"<p>Kursort: Kursraum der Hebammenpraxis Schulstra\u00dfe 17 71292 Friolzheim Die Mindestteilnehmerzahl f\u00fcr diesen Kurs betr\u00e4gt sechs Personen.<\/p>\n","protected":false},"featured_media":2139,"template":"","meta":[],"product_brand":[],"product_cat":[94],"product_tag":[],"class_list":{"0":"post-2847","1":"product","2":"type-product","3":"status-publish","4":"has-post-thumbnail","6":"product_cat-die-mama-wird-fit-das-baby-macht-mit","8":"first","9":"outofstock","10":"shipping-taxable","11":"purchasable","12":"product-type-simple"},"_links":{"self":[{"href":"https:\/\/eltern1x1.de\/index.php\/wp-json\/wp\/v2\/product\/2847","targetHints":{"allow":["GET"]}}],"collection":[{"href":"https:\/\/eltern1x1.de\/index.php\/wp-json\/wp\/v2\/product"}],"about":[{"href":"https:\/\/eltern1x1.de\/index.php\/wp-json\/wp\/v2\/types\/product"}],"wp:featuredmedia":[{"embeddable":true,"href":"https:\/\/eltern1x1.de\/index.php\/wp-json\/wp\/v2\/media\/2139"}],"wp:attachment":[{"href":"https:\/\/eltern1x1.de\/index.php\/wp-json\/wp\/v2\/media?parent=2847"}],"wp:term":[{"taxonomy":"product_brand","embeddable":true,"href":"https:\/\/eltern1x1.de\/index.php\/wp-json\/wp\/v2\/product_brand?post=2847"},{"taxonomy":"product_cat","embeddable":true,"href":"https:\/\/eltern1x1.de\/index.php\/wp-json\/wp\/v2\/product_cat?post=2847"},{"taxonomy":"product_tag","embeddable":true,"href":"https:\/\/eltern1x1.de\/index.php\/wp-json\/wp\/v2\/product_tag?post=2847"}],"curies":[{"name":"wp","href":"https:\/\/api.w.org\/{rel}","templated":true}]}}