{"id":2993,"date":"2025-04-08T13:52:23","date_gmt":"2025-04-08T11:52:23","guid":{"rendered":"https:\/\/eltern1x1.de\/?post_type=product&#038;p=2993"},"modified":"2025-10-05T19:54:26","modified_gmt":"2025-10-05T17:54:26","slug":"saeuglingspflegekurs-kurstag-26-07-2025","status":"publish","type":"product","link":"https:\/\/eltern1x1.de\/index.php\/produkt\/saeuglingspflegekurs-kurstag-26-07-2025\/","title":{"rendered":"S\u00e4uglingspflegekurs &#8211; Kurstag 26.07.2025"},"content":{"rendered":"<p>Dieser Kurs richtet sich in erster Linie an Paare. Sie k\u00f6nnen gerne auch als Einzelperson (bei gleichbleibender Geb\u00fchr) teilnehmen.<\/p>\n<p>Kursort:<br \/>\nKursraum der Hebammenpraxis<br \/>\nSchulstra\u00dfe 17<br \/>\n71292 Friolzheim<\/p>\n<p>Dieser Kurs findet ab drei Anmeldungen statt.<\/p>\n<p>&nbsp;<\/p>\n","protected":false},"excerpt":{"rendered":"<p>Dieser Kurs richtet sich in erster Linie an Paare. Sie k\u00f6nnen gerne auch als Einzelperson (bei gleichbleibender Geb\u00fchr) teilnehmen. Kursort: Kursraum der Hebammenpraxis Schulstra\u00dfe 17 71292 Friolzheim Dieser Kurs findet ab drei Anmeldungen statt. &nbsp;<\/p>\n","protected":false},"featured_media":1574,"template":"","meta":[],"product_brand":[],"product_cat":[17],"product_tag":[],"class_list":{"0":"post-2993","1":"product","2":"type-product","3":"status-publish","4":"has-post-thumbnail","6":"product_cat-saeuglingspflegekurs","8":"first","9":"outofstock","10":"sold-individually","11":"shipping-taxable","12":"purchasable","13":"product-type-simple"},"_links":{"self":[{"href":"https:\/\/eltern1x1.de\/index.php\/wp-json\/wp\/v2\/product\/2993","targetHints":{"allow":["GET"]}}],"collection":[{"href":"https:\/\/eltern1x1.de\/index.php\/wp-json\/wp\/v2\/product"}],"about":[{"href":"https:\/\/eltern1x1.de\/index.php\/wp-json\/wp\/v2\/types\/product"}],"wp:featuredmedia":[{"embeddable":true,"href":"https:\/\/eltern1x1.de\/index.php\/wp-json\/wp\/v2\/media\/1574"}],"wp:attachment":[{"href":"https:\/\/eltern1x1.de\/index.php\/wp-json\/wp\/v2\/media?parent=2993"}],"wp:term":[{"taxonomy":"product_brand","embeddable":true,"href":"https:\/\/eltern1x1.de\/index.php\/wp-json\/wp\/v2\/product_brand?post=2993"},{"taxonomy":"product_cat","embeddable":true,"href":"https:\/\/eltern1x1.de\/index.php\/wp-json\/wp\/v2\/product_cat?post=2993"},{"taxonomy":"product_tag","embeddable":true,"href":"https:\/\/eltern1x1.de\/index.php\/wp-json\/wp\/v2\/product_tag?post=2993"}],"curies":[{"name":"wp","href":"https:\/\/api.w.org\/{rel}","templated":true}]}}