{"id":3212,"date":"2025-10-26T20:47:44","date_gmt":"2025-10-26T19:47:44","guid":{"rendered":"https:\/\/eltern1x1.de\/?post_type=product&#038;p=3212"},"modified":"2025-10-27T00:32:26","modified_gmt":"2025-10-26T23:32:26","slug":"dein-bauch-ganz-fest-dich-wohlfuehlen-laesst-beratungsgespraech","status":"publish","type":"product","link":"https:\/\/eltern1x1.de\/index.php\/produkt\/dein-bauch-ganz-fest-dich-wohlfuehlen-laesst-beratungsgespraech\/","title":{"rendered":"Dein Bauch ganz fest \u2013  Dich wohlf\u00fchlen l\u00e4sst (Beratungsgespr\u00e4ch)"},"content":{"rendered":"<p>Falls Sie bei sich eine Rectusdiastase vermuten und bei Vorhandensein dieser an dem Tupler Technique\u00ae \u00dcbungsprogramm interessiert sind, dann buchen Sie am besten ein Beratungsgespr\u00e4ch bei mir.<br \/>\nHierbei kann ich Ihre Spalte am Bauch genau ausmessen und Ihnen schon mal ein paar Ideen f\u00fcr Ihren Alltag mitgeben. Sollte die Breite Ihrer Rectusdiastase einer Behandlung erfordern, besprechen wir gemeinsam die Details des Trainings und kl\u00e4ren alle Ihre Fragen dazu.<br \/>\nSollten Sie sich zeitnah dann f\u00fcr das \u00dcbungsprogramm entscheiden, vereinbaren wir den ersten Termin.<\/p>\n<p>Ort:\u00a0 Behandlungsraum in der Hebammenpraxis<br \/>\nSchulstra\u00dfe 17<br \/>\n71292 Friolzheim<\/p>\n<p>oder<\/p>\n<p>auf Wunsch auch bei Ihnen zu Hause (mit entsprechender Abrechnung der Wegekosten).<\/p>\n<p>&nbsp;<\/p>\n<p>&nbsp;<\/p>\n<p>&nbsp;<\/p>\n<p>&nbsp;<\/p>\n<p>&nbsp;<\/p>\n","protected":false},"excerpt":{"rendered":"<p>Falls Sie bei sich eine Rectusdiastase vermuten und bei Vorhandensein dieser an dem Tupler Technique\u00ae \u00dcbungsprogramm interessiert sind, dann buchen Sie am besten ein Beratungsgespr\u00e4ch bei mir. Hierbei kann ich Ihre Spalte am Bauch genau ausmessen und Ihnen schon mal ein paar Ideen f\u00fcr Ihren Alltag mitgeben. Sollte die Breite Ihrer Rectusdiastase einer Behandlung erfordern, [&hellip;]<\/p>\n","protected":false},"featured_media":3203,"template":"","meta":[],"product_brand":[],"product_cat":[98],"product_tag":[],"class_list":{"0":"post-3212","1":"product","2":"type-product","3":"status-publish","4":"has-post-thumbnail","6":"product_cat-deinbauchganzfest","8":"first","9":"instock","10":"sold-individually","11":"shipping-taxable","12":"purchasable","13":"product-type-simple"},"_links":{"self":[{"href":"https:\/\/eltern1x1.de\/index.php\/wp-json\/wp\/v2\/product\/3212","targetHints":{"allow":["GET"]}}],"collection":[{"href":"https:\/\/eltern1x1.de\/index.php\/wp-json\/wp\/v2\/product"}],"about":[{"href":"https:\/\/eltern1x1.de\/index.php\/wp-json\/wp\/v2\/types\/product"}],"wp:featuredmedia":[{"embeddable":true,"href":"https:\/\/eltern1x1.de\/index.php\/wp-json\/wp\/v2\/media\/3203"}],"wp:attachment":[{"href":"https:\/\/eltern1x1.de\/index.php\/wp-json\/wp\/v2\/media?parent=3212"}],"wp:term":[{"taxonomy":"product_brand","embeddable":true,"href":"https:\/\/eltern1x1.de\/index.php\/wp-json\/wp\/v2\/product_brand?post=3212"},{"taxonomy":"product_cat","embeddable":true,"href":"https:\/\/eltern1x1.de\/index.php\/wp-json\/wp\/v2\/product_cat?post=3212"},{"taxonomy":"product_tag","embeddable":true,"href":"https:\/\/eltern1x1.de\/index.php\/wp-json\/wp\/v2\/product_tag?post=3212"}],"curies":[{"name":"wp","href":"https:\/\/api.w.org\/{rel}","templated":true}]}}