{"id":3452,"date":"2026-02-16T18:23:22","date_gmt":"2026-02-16T17:23:22","guid":{"rendered":"https:\/\/eltern1x1.de\/?post_type=product&#038;p=3452"},"modified":"2026-04-07T19:44:31","modified_gmt":"2026-04-07T17:44:31","slug":"rueckbildungsgymnastik-vormittagskurs-mit-baby-21-04-2026","status":"publish","type":"product","link":"https:\/\/eltern1x1.de\/index.php\/produkt\/rueckbildungsgymnastik-vormittagskurs-mit-baby-21-04-2026\/","title":{"rendered":"R\u00fcckbildungs\u00adgymnastik (Vormittagskurs mit Baby) &#8211; 21.04.2026"},"content":{"rendered":"<p>Kursort:<br \/>\nKursraum der Praxis f\u00fcr Gesundheit und Familie<br \/>\nSchulstra\u00dfe 17<br \/>\n71292 Friolzheim<\/p>\n<p>Die Mindestteilnehmerzahl f\u00fcr diesen Kurs betr\u00e4gt sechs Personen.<\/p>\n","protected":false},"excerpt":{"rendered":"<p>Kursort: Kursraum der Praxis f\u00fcr Gesundheit und Familie Schulstra\u00dfe 17 71292 Friolzheim Die Mindestteilnehmerzahl f\u00fcr diesen Kurs betr\u00e4gt sechs Personen.<\/p>\n","protected":false},"featured_media":1399,"template":"","meta":[],"product_brand":[],"product_cat":[22],"product_tag":[],"class_list":{"0":"post-3452","1":"product","2":"type-product","3":"status-publish","4":"has-post-thumbnail","6":"product_cat-rueckbildungsgymnastik","8":"first","9":"outofstock","10":"sold-individually","11":"shipping-taxable","12":"purchasable","13":"product-type-simple"},"_links":{"self":[{"href":"https:\/\/eltern1x1.de\/index.php\/wp-json\/wp\/v2\/product\/3452","targetHints":{"allow":["GET"]}}],"collection":[{"href":"https:\/\/eltern1x1.de\/index.php\/wp-json\/wp\/v2\/product"}],"about":[{"href":"https:\/\/eltern1x1.de\/index.php\/wp-json\/wp\/v2\/types\/product"}],"wp:featuredmedia":[{"embeddable":true,"href":"https:\/\/eltern1x1.de\/index.php\/wp-json\/wp\/v2\/media\/1399"}],"wp:attachment":[{"href":"https:\/\/eltern1x1.de\/index.php\/wp-json\/wp\/v2\/media?parent=3452"}],"wp:term":[{"taxonomy":"product_brand","embeddable":true,"href":"https:\/\/eltern1x1.de\/index.php\/wp-json\/wp\/v2\/product_brand?post=3452"},{"taxonomy":"product_cat","embeddable":true,"href":"https:\/\/eltern1x1.de\/index.php\/wp-json\/wp\/v2\/product_cat?post=3452"},{"taxonomy":"product_tag","embeddable":true,"href":"https:\/\/eltern1x1.de\/index.php\/wp-json\/wp\/v2\/product_tag?post=3452"}],"curies":[{"name":"wp","href":"https:\/\/api.w.org\/{rel}","templated":true}]}}