{"id":3550,"date":"2026-04-19T15:47:34","date_gmt":"2026-04-19T13:47:34","guid":{"rendered":"https:\/\/eltern1x1.de\/?post_type=product&#038;p=3550"},"modified":"2026-04-19T15:55:45","modified_gmt":"2026-04-19T13:55:45","slug":"fit-mit-bauch-das-geht-auch-schwangerschaftsgymnastik-praeventionskurs-kursbeginn-08-07-2026","status":"publish","type":"product","link":"https:\/\/eltern1x1.de\/index.php\/produkt\/fit-mit-bauch-das-geht-auch-schwangerschaftsgymnastik-praeventionskurs-kursbeginn-08-07-2026\/","title":{"rendered":"Fit mit Bauch &#8211; das geht auch (Schwangerschaftsgymnastik Pr\u00e4ventionskurs) &#8211; Kursbeginn 08.07.2026"},"content":{"rendered":"<p><strong>Dieser Kurs ist ein Pr\u00e4ventionsangebot und wird von Ihrer Krankenkasse gef\u00f6rdert.<\/strong><\/p>\n<p>Kursort:<br \/>\nKursraum der Hebammenpraxis<br \/>\nSchulstra\u00dfe 17<br \/>\n71292 Friolzheim<\/p>\n<p>Die Mindestteilnehmerzahl f\u00fcr diesen Kurs betr\u00e4gt sechs Personen.<\/p>\n","protected":false},"excerpt":{"rendered":"<p>Dieser Kurs ist ein Pr\u00e4ventionsangebot und wird von Ihrer Krankenkasse gef\u00f6rdert. Kursort: Kursraum der Hebammenpraxis Schulstra\u00dfe 17 71292 Friolzheim Die Mindestteilnehmerzahl f\u00fcr diesen Kurs betr\u00e4gt sechs Personen.<\/p>\n","protected":false},"featured_media":2138,"template":"","meta":[],"product_brand":[],"product_cat":[93],"product_tag":[],"class_list":{"0":"post-3550","1":"product","2":"type-product","3":"status-publish","4":"has-post-thumbnail","6":"product_cat-fit-mit-bauch-das-geht-auch","8":"first","9":"instock","10":"sold-individually","11":"shipping-taxable","12":"purchasable","13":"product-type-simple"},"_links":{"self":[{"href":"https:\/\/eltern1x1.de\/index.php\/wp-json\/wp\/v2\/product\/3550","targetHints":{"allow":["GET"]}}],"collection":[{"href":"https:\/\/eltern1x1.de\/index.php\/wp-json\/wp\/v2\/product"}],"about":[{"href":"https:\/\/eltern1x1.de\/index.php\/wp-json\/wp\/v2\/types\/product"}],"wp:featuredmedia":[{"embeddable":true,"href":"https:\/\/eltern1x1.de\/index.php\/wp-json\/wp\/v2\/media\/2138"}],"wp:attachment":[{"href":"https:\/\/eltern1x1.de\/index.php\/wp-json\/wp\/v2\/media?parent=3550"}],"wp:term":[{"taxonomy":"product_brand","embeddable":true,"href":"https:\/\/eltern1x1.de\/index.php\/wp-json\/wp\/v2\/product_brand?post=3550"},{"taxonomy":"product_cat","embeddable":true,"href":"https:\/\/eltern1x1.de\/index.php\/wp-json\/wp\/v2\/product_cat?post=3550"},{"taxonomy":"product_tag","embeddable":true,"href":"https:\/\/eltern1x1.de\/index.php\/wp-json\/wp\/v2\/product_tag?post=3550"}],"curies":[{"name":"wp","href":"https:\/\/api.w.org\/{rel}","templated":true}]}}